{"id":17642,"date":"2018-10-16T08:40:03","date_gmt":"2022-03-31T16:23:33","guid":{"rendered":"https:\/\/ariannerelocation.com\/product\/calgary\/"},"modified":"2022-07-13T12:08:07","modified_gmt":"2022-07-13T12:08:07","slug":"calgary","status":"publish","type":"product","link":"https:\/\/www.ariannerelocation.com\/fr\/product\/calgary\/","title":{"rendered":"Calgary \u0435n Anglais"},"content":{"rendered":"<div class=\"fusion-fullwidth fullwidth-box fusion-builder-row-1 nonhundred-percent-fullwidth non-hundred-percent-height-scrolling\" style=\"--awb-border-radius-top-left:0px;--awb-border-radius-top-right:0px;--awb-border-radius-bottom-right:0px;--awb-border-radius-bottom-left:0px;--awb-flex-wrap:wrap;\" ><div class=\"fusion-builder-row fusion-row\"><div class=\"fusion-layout-column fusion_builder_column fusion-builder-column-0 fusion_builder_column_1_1 1_1 fusion-one-full fusion-column-first fusion-column-last\" style=\"--awb-bg-size:cover;\"><div class=\"fusion-column-wrapper fusion-flex-column-wrapper-legacy\"><div class=\"fusion-text fusion-text-1\"><h2>Guide de relocalisation en ligne<\/h2>\n<p class=\"p1\"><span class=\"s1\">Que contient le guide ?<\/span><\/p>\n<ul class=\"ul1\">\n<li class=\"li2\"><span class=\"s1\">Des conseils essentiels, locaux et nationaux, pour les nouveaux arrivants.<\/span><\/li>\n<li class=\"li2\"><span class=\"s1\">Plus de 150 pages d&rsquo;informations essentielles et pratiques.<\/span><\/li>\n<li class=\"li2\"><span class=\"s1\">20 chapitres bien organis\u00e9s, couvrant tous les aspects de la relocalisation. <\/span><\/li>\n<li class=\"li2\"><span class=\"s1\">Format facile \u00e0 utiliser, avec de nombreux liens vers des pages et des formulaires gouvernementaux.<\/span><\/li>\n<\/ul>\n<p>Notre option la plus populaire, les guides de villes canadiennes clairs et complets, vous permettent de vous occuper de tout par vous-m\u00eame. Nous fournissons une image claire de ce \u00e0 quoi vous attendre et vous pr\u00e9parons \u00e0 relever tous les d\u00e9fis administratifs et \u00e0 surmonter tous les obstacles interculturels.<\/p>\n<p>Complets et faciles \u00e0 utiliser, les guides font environ 150 pages et couvrent tous les sujets cruciaux : de la planification de la relocalisation et du d\u00e9m\u00e9nagement \u00e0 l\u2019inscription \u00e0 la r\u00e9sidence permanente, \u00e0 l\u2019assurance automobile et aux comptes bancaires, en passant par la compr\u00e9hension des syst\u00e8mes de soins de sant\u00e9 et scolaires canadiens. C\u2019est le labyrinthe de questions et de pr\u00e9occupations \u00e0 travers lequel nous guidons nos clients depuis plus de deux d\u00e9cennies.<\/p>\n<\/div><div class=\"fusion-text fusion-text-2\"><h2>Services de t\u00e9l\u00e9consultation<\/h2>\n<p class=\"p1\"><span class=\"s1\">Les sp\u00e9cialistes de la relocalisation d&rsquo;ARIANNE ont les r\u00e9ponses que vous cherchez.<\/span><\/p>\n<ul class=\"ul1\">\n<li class=\"li2\"><span class=\"s1\">Parlez, Skypez ou chattez avec un expert canadien sur vos besoins sp\u00e9cifiques en mati\u00e8re de relocalisation.<\/span><\/li>\n<li class=\"li2\"><span class=\"s1\">Obtenez des r\u00e9ponses, trouvez des solutions et gagnez la confiance n\u00e9cessaire pour aller de l&rsquo;avant.<\/span><\/li>\n<li class=\"li2\"><span class=\"s1\">Arrivez pr\u00e9par\u00e9, avec un plan d&rsquo;action personnalis\u00e9 d\u00e9crivant chaque \u00e9tape de votre relocalisation.<\/span><\/li>\n<li class=\"li2\"><span class=\"s1\">Enjoy the security of ongoing e-mail support for up to one year.<\/span><\/li>\n<\/ul>\n<p>Chez ARIANNE, nous comprenons que chaque relocalisation est unique, et c\u2019est avec plaisir que nous veillons \u00e0 ce que vos besoins sp\u00e9cifiques soient pris en compte. Avec une t\u00e9l\u00e9consultation, vous obtiendrez des r\u00e9ponses \u00e0 vos questions sp\u00e9cifiques et des conseils individuels pour votre situation particuli\u00e8re. La plupart des appels sont pris par notre fondatrice, Manon Dumas.<\/p>\n<p>La premi\u00e8re consultation d\u2019une heure comprend une \u00e9valuation personnalis\u00e9e des besoins. From there we can put together a detailed and customized action plan to guide you through your relocation, step-by-step. You can decide what to do next. Peut-\u00eatre que vous prendrez votre liste de contr\u00f4le et que vous vous sentirez assez confiant pour le faire vous-m\u00eame. Ou peut-\u00eatre que vous appr\u00e9ciez la s\u00e9curit\u00e9 et pr\u00e9f\u00e9rez continuer \u00e0 travailler avec un coach de relocalisation personnel. Tout ce avec quoi vous \u00eates le plus \u00e0 l\u2019aise : c\u2019est \u00e0 vous de d\u00e9cider.<\/p>\n<p>You will always have the option to add another hour or two of consultation time, if and when you need it.<\/p>\n<\/div><div class=\"fusion-text fusion-text-3\" style=\"--awb-text-transform:none;\"><h2>Services de relocalisation en personne*<\/h2>\n<p>(*Disponible uniquement pour les membres qui ont d\u00e9j\u00e0 achet\u00e9 un Guide.)<\/p>\n<p>Pour que votre relocalisation se d\u00e9roule le mieux possible, vous pouvez profiter de nos services en personne. Envisagez d&rsquo;abord de programmer une t\u00e9l\u00e9consultation et l&rsquo;un de nos sp\u00e9cialistes de la relocalisation vous aidera \u00e0 d\u00e9terminer le nombre de jours d&rsquo;assistance dont vous aurez besoin. Et ARIANNE vous emm\u00e8nera l\u00e0 o\u00f9 vous devez aller.<\/p>\n<ul>\n<li>Si le temps est votre priorit\u00e9 absolue, nous avons ce qu&rsquo;il vous faut.<\/li>\n<li>Profitez de l&rsquo;attention personnelle et de l&rsquo;aide directe d&rsquo;une sp\u00e9cialiste locale de la relocalisation.<\/li>\n<li>D\u00e9couvrez les meilleurs quartiers, trouvez les bonnes \u00e9coles et apprenez \u00e0 conna\u00eetre Calgary, avec un habitant qui la conna\u00eet bien.<\/li>\n<li>Pr\u00e9voyez tout le temps dont vous avez besoin pour explorer l&rsquo;immobilier local avec un repr\u00e9sentant comp\u00e9tent \u00e0 vos c\u00f4t\u00e9s.<\/li>\n<li>Choisissez le nombre de jours dont vous avez besoin et nous vous ferons des recommandations sur la mani\u00e8re de r\u00e9partir ce temps, en fonction de votre situation.<\/li>\n<\/ul>\n<p>Il s&rsquo;agit de l&rsquo;option de service complet pour le professionnel occup\u00e9 qui n&rsquo;a pas le temps de passer des heures sur Internet \u00e0 consulter des guides pratiques et \u00e0 comparer les avis sur les p\u00e9diatres et les quartiers r\u00e9sidentiels.<\/p>\n<p>Nos services commencent d\u00e8s les \u00e9tapes de planification, avec une \u00e9valuation des besoins, des listes de contr\u00f4le avant le d\u00e9part et une orientation vers la ville. Pour vous aider \u00e0 vous installer en douceur, nous facilitons les inscriptions locales, les recherches de logements, les \u00e9coles et les garderies. Nous aidons \u00e9galement \u00e0 la configuration des services publics, aux ressources de soins de sant\u00e9, \u00e0 l\u2019int\u00e9gration culturelle et bien plus encore.<\/p>\n<\/div><div class=\"fusion-clearfix\"><\/div><\/div><\/div><\/div><\/div>\n","protected":false},"excerpt":{"rendered":"<p class=\"p1\"><span class=\"s1\">Le guide de relocalisation en ligne est rempli d&rsquo;informations vitales, recueillies \u00e0 partir de plus de 25 ans d&rsquo;exp\u00e9rience dans l&rsquo;industrie. Disponible avec ou sans services de consultation suppl\u00e9mentaires.<\/span><\/p>\n<ul class=\"ul1\">\n<li class=\"li2\"><span class=\"s1\">Le Guide de relocalisation vous fournit 20 chapitres d&rsquo;informations essentielles<\/span><\/li>\n<li class=\"li2\"><span class=\"s1\">Ajouter des services de t\u00e9l\u00e9-consultation pour des conseils plus sp\u00e9cifiques<\/span><\/li>\n<li class=\"li2\"><span class=\"s1\">D\u00c9TAILS COMPLETS CI-DESSOUS<\/span><\/li>\n<\/ul>\n","protected":false},"featured_media":16703,"template":"","meta":{"_acf_changed":false,"pmpro_default_level":""},"product_brand":[],"product_cat":[6446],"product_tag":[],"class_list":{"0":"post-17642","1":"product","2":"type-product","3":"status-publish","4":"has-post-thumbnail","6":"product_cat-online-guides-fr","7":"pmpro-has-access","9":"first","10":"instock","11":"taxable","12":"shipping-taxable","13":"purchasable","14":"product-type-variable"},"acf":[],"yoast_head":"<!-- This site is optimized with the Yoast SEO plugin v27.4 - https:\/\/yoast.com\/product\/yoast-seo-wordpress\/ -->\n<title>Calgary \u0435n Anglais - ARIANNE Relocalisation<\/title>\n<meta name=\"robots\" content=\"index, follow, max-snippet:-1, max-image-preview:large, max-video-preview:-1\" \/>\n<link rel=\"canonical\" href=\"https:\/\/www.ariannerelocation.com\/fr\/product\/calgary\/\" \/>\n<meta property=\"og:locale\" content=\"fr_FR\" \/>\n<meta property=\"og:type\" content=\"article\" \/>\n<meta property=\"og:title\" content=\"Calgary \u0435n Anglais - ARIANNE Relocalisation\" \/>\n<meta property=\"og:description\" content=\"Le guide de relocalisation en ligne est rempli d&#039;informations vitales, recueillies \u00e0 partir de plus de 25 ans d&#039;exp\u00e9rience dans l&#039;industrie. Disponible avec ou sans services de consultation suppl\u00e9mentaires.    Le Guide de relocalisation vous fournit 20 chapitres d&#039;informations essentielles  Ajouter des services de t\u00e9l\u00e9-consultation pour des conseils plus sp\u00e9cifiques  D\u00c9TAILS COMPLETS CI-DESSOUS\" \/>\n<meta property=\"og:url\" content=\"https:\/\/www.ariannerelocation.com\/fr\/product\/calgary\/\" \/>\n<meta property=\"og:site_name\" content=\"ARIANNE Relocalisation\" \/>\n<meta property=\"article:publisher\" content=\"https:\/\/www.facebook.com\/ariannerelocation\/\" \/>\n<meta property=\"article:modified_time\" content=\"2022-07-13T12:08:07+00:00\" \/>\n<meta property=\"og:image\" content=\"https:\/\/ariannerelocation.com\/wp-content\/uploads\/2018\/02\/Map-Mockup-Calgary.jpeg\" \/>\n\t<meta property=\"og:image:width\" content=\"1024\" \/>\n\t<meta property=\"og:image:height\" content=\"682\" \/>\n\t<meta property=\"og:image:type\" content=\"image\/jpeg\" \/>\n<meta name=\"twitter:card\" content=\"summary_large_image\" \/>\n<meta name=\"twitter:label1\" content=\"Dur\u00e9e de lecture estim\u00e9e\" \/>\n\t<meta name=\"twitter:data1\" content=\"4 minutes\" \/>\n<script type=\"application\/ld+json\" class=\"yoast-schema-graph\">{\"@context\":\"https:\\\/\\\/schema.org\",\"@graph\":[{\"@type\":\"WebPage\",\"@id\":\"https:\\\/\\\/www.ariannerelocation.com\\\/fr\\\/product\\\/calgary\\\/\",\"url\":\"https:\\\/\\\/www.ariannerelocation.com\\\/fr\\\/product\\\/calgary\\\/\",\"name\":\"Calgary \u0435n Anglais - ARIANNE Relocalisation\",\"isPartOf\":{\"@id\":\"https:\\\/\\\/www.ariannerelocation.com\\\/fr\\\/#website\"},\"primaryImageOfPage\":{\"@id\":\"https:\\\/\\\/www.ariannerelocation.com\\\/fr\\\/product\\\/calgary\\\/#primaryimage\"},\"image\":{\"@id\":\"https:\\\/\\\/www.ariannerelocation.com\\\/fr\\\/product\\\/calgary\\\/#primaryimage\"},\"thumbnailUrl\":\"https:\\\/\\\/ariannerelocation.com\\\/wp-content\\\/uploads\\\/2018\\\/02\\\/Map-Mockup-Calgary.jpeg\",\"datePublished\":\"2022-03-31T16:23:33+00:00\",\"dateModified\":\"2022-07-13T12:08:07+00:00\",\"breadcrumb\":{\"@id\":\"https:\\\/\\\/www.ariannerelocation.com\\\/fr\\\/product\\\/calgary\\\/#breadcrumb\"},\"inLanguage\":\"fr-FR\",\"potentialAction\":[{\"@type\":\"ReadAction\",\"target\":[\"https:\\\/\\\/www.ariannerelocation.com\\\/fr\\\/product\\\/calgary\\\/\"]}]},{\"@type\":\"ImageObject\",\"inLanguage\":\"fr-FR\",\"@id\":\"https:\\\/\\\/www.ariannerelocation.com\\\/fr\\\/product\\\/calgary\\\/#primaryimage\",\"url\":\"https:\\\/\\\/ariannerelocation.com\\\/wp-content\\\/uploads\\\/2018\\\/02\\\/Map-Mockup-Calgary.jpeg\",\"contentUrl\":\"https:\\\/\\\/ariannerelocation.com\\\/wp-content\\\/uploads\\\/2018\\\/02\\\/Map-Mockup-Calgary.jpeg\",\"width\":1024,\"height\":682,\"caption\":\"Carte en ligne Calgary\"},{\"@type\":\"BreadcrumbList\",\"@id\":\"https:\\\/\\\/www.ariannerelocation.com\\\/fr\\\/product\\\/calgary\\\/#breadcrumb\",\"itemListElement\":[{\"@type\":\"ListItem\",\"position\":1,\"name\":\"Home\",\"item\":\"https:\\\/\\\/www.ariannerelocation.com\\\/fr\\\/\"},{\"@type\":\"ListItem\",\"position\":2,\"name\":\"Membership Account\",\"item\":\"https:\\\/\\\/www.ariannerelocation.com\\\/membership-shop\\\/\"},{\"@type\":\"ListItem\",\"position\":3,\"name\":\"Calgary \u0435n Anglais\"}]},{\"@type\":\"WebSite\",\"@id\":\"https:\\\/\\\/www.ariannerelocation.com\\\/fr\\\/#website\",\"url\":\"https:\\\/\\\/www.ariannerelocation.com\\\/fr\\\/\",\"name\":\"ARIANNE Relocalisation\",\"description\":\"Relocation guides and services for people moving to Canada\",\"potentialAction\":[{\"@type\":\"SearchAction\",\"target\":{\"@type\":\"EntryPoint\",\"urlTemplate\":\"https:\\\/\\\/www.ariannerelocation.com\\\/fr\\\/?s={search_term_string}\"},\"query-input\":{\"@type\":\"PropertyValueSpecification\",\"valueRequired\":true,\"valueName\":\"search_term_string\"}}],\"inLanguage\":\"fr-FR\"}]}<\/script>\n<!-- \/ Yoast SEO plugin. -->","yoast_head_json":{"title":"Calgary \u0435n Anglais - ARIANNE Relocalisation","robots":{"index":"index","follow":"follow","max-snippet":"max-snippet:-1","max-image-preview":"max-image-preview:large","max-video-preview":"max-video-preview:-1"},"canonical":"https:\/\/www.ariannerelocation.com\/fr\/product\/calgary\/","og_locale":"fr_FR","og_type":"article","og_title":"Calgary \u0435n Anglais - ARIANNE Relocalisation","og_description":"Le guide de relocalisation en ligne est rempli d'informations vitales, recueillies \u00e0 partir de plus de 25 ans d'exp\u00e9rience dans l'industrie. Disponible avec ou sans services de consultation suppl\u00e9mentaires.    Le Guide de relocalisation vous fournit 20 chapitres d'informations essentielles  Ajouter des services de t\u00e9l\u00e9-consultation pour des conseils plus sp\u00e9cifiques  D\u00c9TAILS COMPLETS CI-DESSOUS","og_url":"https:\/\/www.ariannerelocation.com\/fr\/product\/calgary\/","og_site_name":"ARIANNE Relocalisation","article_publisher":"https:\/\/www.facebook.com\/ariannerelocation\/","article_modified_time":"2022-07-13T12:08:07+00:00","og_image":[{"width":1024,"height":682,"url":"https:\/\/ariannerelocation.com\/wp-content\/uploads\/2018\/02\/Map-Mockup-Calgary.jpeg","type":"image\/jpeg"}],"twitter_card":"summary_large_image","twitter_misc":{"Dur\u00e9e de lecture estim\u00e9e":"4 minutes"},"schema":{"@context":"https:\/\/schema.org","@graph":[{"@type":"WebPage","@id":"https:\/\/www.ariannerelocation.com\/fr\/product\/calgary\/","url":"https:\/\/www.ariannerelocation.com\/fr\/product\/calgary\/","name":"Calgary \u0435n Anglais - ARIANNE Relocalisation","isPartOf":{"@id":"https:\/\/www.ariannerelocation.com\/fr\/#website"},"primaryImageOfPage":{"@id":"https:\/\/www.ariannerelocation.com\/fr\/product\/calgary\/#primaryimage"},"image":{"@id":"https:\/\/www.ariannerelocation.com\/fr\/product\/calgary\/#primaryimage"},"thumbnailUrl":"https:\/\/ariannerelocation.com\/wp-content\/uploads\/2018\/02\/Map-Mockup-Calgary.jpeg","datePublished":"2022-03-31T16:23:33+00:00","dateModified":"2022-07-13T12:08:07+00:00","breadcrumb":{"@id":"https:\/\/www.ariannerelocation.com\/fr\/product\/calgary\/#breadcrumb"},"inLanguage":"fr-FR","potentialAction":[{"@type":"ReadAction","target":["https:\/\/www.ariannerelocation.com\/fr\/product\/calgary\/"]}]},{"@type":"ImageObject","inLanguage":"fr-FR","@id":"https:\/\/www.ariannerelocation.com\/fr\/product\/calgary\/#primaryimage","url":"https:\/\/ariannerelocation.com\/wp-content\/uploads\/2018\/02\/Map-Mockup-Calgary.jpeg","contentUrl":"https:\/\/ariannerelocation.com\/wp-content\/uploads\/2018\/02\/Map-Mockup-Calgary.jpeg","width":1024,"height":682,"caption":"Carte en ligne Calgary"},{"@type":"BreadcrumbList","@id":"https:\/\/www.ariannerelocation.com\/fr\/product\/calgary\/#breadcrumb","itemListElement":[{"@type":"ListItem","position":1,"name":"Home","item":"https:\/\/www.ariannerelocation.com\/fr\/"},{"@type":"ListItem","position":2,"name":"Membership Account","item":"https:\/\/www.ariannerelocation.com\/membership-shop\/"},{"@type":"ListItem","position":3,"name":"Calgary \u0435n Anglais"}]},{"@type":"WebSite","@id":"https:\/\/www.ariannerelocation.com\/fr\/#website","url":"https:\/\/www.ariannerelocation.com\/fr\/","name":"ARIANNE Relocalisation","description":"Relocation guides and services for people moving to Canada","potentialAction":[{"@type":"SearchAction","target":{"@type":"EntryPoint","urlTemplate":"https:\/\/www.ariannerelocation.com\/fr\/?s={search_term_string}"},"query-input":{"@type":"PropertyValueSpecification","valueRequired":true,"valueName":"search_term_string"}}],"inLanguage":"fr-FR"}]}},"_links":{"self":[{"href":"https:\/\/www.ariannerelocation.com\/fr\/wp-json\/wp\/v2\/product\/17642","targetHints":{"allow":["GET"]}}],"collection":[{"href":"https:\/\/www.ariannerelocation.com\/fr\/wp-json\/wp\/v2\/product"}],"about":[{"href":"https:\/\/www.ariannerelocation.com\/fr\/wp-json\/wp\/v2\/types\/product"}],"wp:featuredmedia":[{"embeddable":true,"href":"https:\/\/www.ariannerelocation.com\/fr\/wp-json\/wp\/v2\/media\/16703"}],"wp:attachment":[{"href":"https:\/\/www.ariannerelocation.com\/fr\/wp-json\/wp\/v2\/media?parent=17642"}],"wp:term":[{"taxonomy":"product_brand","embeddable":true,"href":"https:\/\/www.ariannerelocation.com\/fr\/wp-json\/wp\/v2\/product_brand?post=17642"},{"taxonomy":"product_cat","embeddable":true,"href":"https:\/\/www.ariannerelocation.com\/fr\/wp-json\/wp\/v2\/product_cat?post=17642"},{"taxonomy":"product_tag","embeddable":true,"href":"https:\/\/www.ariannerelocation.com\/fr\/wp-json\/wp\/v2\/product_tag?post=17642"}],"curies":[{"name":"wp","href":"https:\/\/api.w.org\/{rel}","templated":true}]}}