{"id":5984,"date":"2016-12-18T20:20:47","date_gmt":"2016-12-18T20:20:47","guid":{"rendered":"https:\/\/ariannerelocation.com\/?page_id=5984\/"},"modified":"2023-11-07T22:21:02","modified_gmt":"2023-11-07T22:21:02","slug":"temoignages","status":"publish","type":"page","link":"https:\/\/www.ariannerelocation.com\/fr\/temoignages\/","title":{"rendered":"T\u00e9moignages"},"content":{"rendered":"<div class=\"fusion-fullwidth fullwidth-box fusion-builder-row-1 fusion-flex-container nonhundred-percent-fullwidth non-hundred-percent-height-scrolling\" style=\"--awb-border-radius-top-left:0px;--awb-border-radius-top-right:0px;--awb-border-radius-bottom-right:0px;--awb-border-radius-bottom-left:0px;--awb-flex-wrap:wrap;\" ><div class=\"fusion-builder-row fusion-row fusion-flex-align-items-flex-start fusion-flex-content-wrap\" style=\"max-width:1289.6px;margin-left: calc(-4% \/ 2 );margin-right: calc(-4% \/ 2 );\"><div class=\"fusion-layout-column fusion_builder_column fusion-builder-column-0 fusion_builder_column_1_1 1_1 fusion-flex-column\" style=\"--awb-bg-size:cover;--awb-width-large:100%;--awb-margin-top-large:0px;--awb-spacing-right-large:1.92%;--awb-margin-bottom-large:0px;--awb-spacing-left-large:1.92%;--awb-width-medium:100%;--awb-spacing-right-medium:1.92%;--awb-spacing-left-medium:1.92%;--awb-width-small:100%;--awb-spacing-right-small:1.92%;--awb-spacing-left-small:1.92%;\"><div class=\"fusion-column-wrapper fusion-flex-justify-content-flex-start fusion-content-layout-column\"><div class=\"fusion-text fusion-text-1\"><h2>T\u00e9moignages<\/h2>\n<blockquote>\n<p><q>Notre relocalisation au Canada a \u00e9t\u00e9 notre 9\u00e8me relocalisation en 23 ans et cela fut sans aucun doute, jusqu\u2019ici, la plus facile et la plus agr\u00e9able gr\u00e2ce au professionnalisme exceptionnel d\u2019ARIANNE ainsi que leur attention aux d\u00e9tails. ARIANNE m\u2019a contact\u00e9 en moins de 24 heures apr\u00e8s la confirmation de notre relocalisation afin de conna\u00eetre nos besoins et nos pr\u00e9occupations, ce dont ils se sont imm\u00e9diatement occup\u00e9s. Leur sens du contact personnalis\u00e9 et leur \u00e9quipe profond\u00e9ment humaine ont vraiment pris soin de chaque membre de ma famille, qu\u2019il soit \u00e2g\u00e9 de 5 ans ou de pr\u00e8s de 50 ans. Ainsi, chacun de nos 4 enfants, mon mari et moi-m\u00eame avons tous eu, pour notre nouvelle vie \u00e0 Montr\u00e9al, la plus heureuse des arriv\u00e9es et des relocalisations.<\/q><br \/>\n<cite>Deborah Kemball |Artiste. \u00c9pouse de Benjamin Kemball | Pr\u00e9sident et chef de la direction, Imperial Tobacco Canada<\/cite><\/p>\n<\/blockquote>\n<blockquote>\n<p><q>Pour une famille de cinq personnes, la relocalisation \u00e0 Montr\u00e9al depuis l\u2019Allemagne nous semblait tr\u00e8s difficile. Mais gr\u00e2ce \u00e0 ARIANNE Relocalisation et \u00e0 son \u00e9quipe tr\u00e8s comp\u00e9tente, nous avons trouv\u00e9 une tr\u00e8s belle maison, de bonnes \u00e9coles pour nos enfants et nous avons \u00e9t\u00e9 parfaitement guid\u00e9s dans les m\u00e9andres administratifs locaux ! Gr\u00e2ce aux excellents services d\u2019ARIANNE Relocalisation, notre transition de l\u2019Allemagne vers le Canada fut facile et agr\u00e9able. Leur aide fut essentielle et nous nous sommes parfaitement bien int\u00e9gr\u00e9s au Qu\u00e9bec et \u00e0 Montr\u00e9al. Merci !<\/q><br \/>\n<cite>Dr Tarik M\u00f6r\u00f6y | Pr\u00e9sident &amp; Directeur scientifique, Institut de recherches cliniques de Montr\u00e9al (IRCM)<\/cite><\/p>\n<\/blockquote>\n<blockquote>\n<p><q>Lorsque nous nous sommes relocalis\u00e9s de l\u2019Australie vers le Canada afin de cr\u00e9er une nouvelle compagnie technologique, le soutien d\u2019ARIANNE a \u00e9t\u00e9 inestimable. Ils nous ont accompagn\u00e9 dans toutes les \u00e9tapes, s\u2019assurant que tous les aspects de notre relocalisation se passaient le mieux possible. L\u2019exp\u00e9rience et le professionnalisme d\u2019ARIANNE m\u2019ont permis de me concentrer sur le d\u00e9veloppement de ma compagnie, sachant que ma femme et mes enfants \u00e9taient entre des mains expertes.<\/q><br \/>\n<cite>Terry Buckley | Pr\u00e9sident et chef de la direction, Ontic Solutions<\/cite><\/p>\n<\/blockquote>\n<blockquote>\n<p><q>Bien que nous ne connaissions rien de Montr\u00e9al, la comp\u00e9tence, la compassion et l\u2019intelligence avec lesquelles ils se sont occup\u00e9s de notre famille a rendu cela facile et agr\u00e9able. Cela fait maintenant trois ans que nous vivons \u00e0 Montr\u00e9al, et nous prenons encore souvent contact avec eux. C\u2019est eux que nous appelons en premier \u00e0 chaque fois que nous avons besoin d\u2019un conseil ou d\u2019une aide sur la vie locale. Si vous souhaitez vous installer au Canada, vous ne pouvez pas vous tromper en choisissant de tout pr\u00e9parer avec ARIANNE Relocation Canada.<\/q><br \/>\n<cite>Edna Chosack | Pr\u00e9sidente, Netbotix Inc<\/cite><\/p>\n<\/blockquote>\n<blockquote>\n<p><q>L\u2019agence ARIANNE Relocation Canada a \u00e9t\u00e9 extr\u00eamement utile pour l\u2019installation de nos expatri\u00e9(e)s Son personnel s\u2019est r\u00e9v\u00e9l\u00e9 bien inform\u00e9, professionnel et tr\u00e8s flexible pour nous assister dans tous nos besoins sp\u00e9cifiques.<\/q><br \/>\n<cite>A.T. | Consultante en relocalisation internationale<\/cite><\/p>\n<\/blockquote>\n<blockquote>\n<p><q>Merci pour votre excellent travail et pour votre professionalisme. Vous \u00eates fantastique; la famille est vraiment en de bonnes mains avec vous !<\/q><br \/>\n<cite>Pennie Hayes | Manager en relocalisation avec le International Consultants Centre (ICC) et en association avec MERCER en Australie<\/cite><\/p>\n<\/blockquote>\n<blockquote>\n<p><q>Ma conseill\u00e8re en relocalisation a \u00e9t\u00e9 absolument exceptionnelle. J\u2019ai le plus grand respect pour une personne aussi humaine, intelligente et d\u00e9vou\u00e9e. J\u2019ai maintenant un tr\u00e8s beau logement o\u00fa je me sens parfaitement chez moi et je suis extr\u00eamement reconnaissant \u00e0 ma conseill\u00e8re pour son d\u00e9vouement et son travail acharn\u00e9. Elle a vraiment remu\u00e9 des montagnes pour m\u2019aider dans cette p\u00e9riode de transition et je lui suis profond\u00e9ment reconnaissant pour cela. Merci ARIANNE.<\/q><br \/>\n<cite>Martin Cyr | Imperial Tobacco Canada<\/cite><\/p>\n<\/blockquote>\n<blockquote>\n<p><q>ARIANNE est une compagnie fantastique qui a chaleureusement accompagn\u00e9 notre transition au Canada en nous \u00e9vitant tous les probl\u00e8mes. Nous les recommandons sans h\u00e9siter pour tous vos besoins en relocalisation.<\/q><br \/>\n<cite>Chris and Donna Adkins | Sp\u00e9cialistes en sant\u00e9 et s\u00e9curit\u00e9, Metso Minerals<\/cite><\/p>\n<\/blockquote>\n<blockquote>\n<p><q>Je souhaite transmettre mes sinc\u00e8res remerciements \u00e0 l\u2019\u00e9quipe d\u2019ARIANNE pour toute l\u2019aide et l\u2019assistance que vous m\u2019avez offert ces derniers mois durant ma relocalisation au Canada. Je suis vraiment bien install\u00e9 maintenant et c\u2019est en grande partie gr\u00e2ce \u00e0 votre excellent service. Cela a \u00e9t\u00e9 de loin la relocalisation la plus agr\u00e9able que j\u2019ai exp\u00e9riment\u00e9 dans ma carri\u00e8re et cela a \u00e9t\u00e9 tr\u00e8s reposant d\u2019avoir une agence de relocalisation efficace s\u2019occuper de l\u2019h\u00e9bergement et de tous les papiers administratifs qui peuvent parfois devenir un cauchemard. L\u2019\u00e9quipe est excellente et a \u00e9t\u00e9 exceptionnelle dans son approche et son traitement de mon cas. Merci pour tout.<\/q><br \/>\n<cite>Bill Lasses | British American Tobacco<\/cite><\/p>\n<\/blockquote>\n<blockquote>\n<p><q>ARIANNE m\u2019a bien aid\u00e9 durant les 2 ou 3 derniers mois pour importer mes voitures au Canada. Ma conseill\u00e8re a vraiment facilit\u00e9 mon d\u00e9part et, malgr\u00e9 toutes les difficult\u00e9s pour importer mes voitures, elle a toujours gard\u00e9 une attitude positive.<\/q><br \/>\n<cite>Terry Moro | GlaxoSmithKline<\/cite><\/p>\n<\/blockquote>\n<blockquote>\n<p><q>Notre d\u00e9m\u00e9nagement international ne fut pas simple mais ARIANNE a pris soin de toutes les \u00e9tapes du processus et nous soulag\u00e9 \u00e0 100% de la pression. Vous saviez ce qui \u00e9tait le mieux pour nous et nous vous remercions encore et encore pour cela. Pas une minute nous oublions la gentillesse que vous nous avez t\u00e9moign\u00e9 bien au-del\u00e0 de vos devoirs professionnels. Owens Illinois Canada est TR\u00c8S heureux que vous ayez pris soin de la relocalisation de ses employ\u00e9s. Nous vous recommanderons toujours pour notre compagnie et pour quiconque se relocalise au Canada.<\/q><br \/>\n<cite>Albert &amp; Mary Jane Martin | Owens Illinois Canada<\/cite><\/p>\n<\/blockquote>\n<blockquote>\n<p><q>Nous avons \u00e9t\u00e9 tr\u00e8s satisfait de notre exp\u00e9rience avec ARIANNE, qui nous a grandement facilit\u00e9 notre relocalisation et qui nous a permis de trouver notre maison, ce qui aurait \u00e9t\u00e9 difficile voir impossible autrement.<\/q><br \/>\n<cite>Gregory Emery | Universit\u00e9 de Montr\u00e9al<\/cite><\/p>\n<\/blockquote>\n<blockquote>\n<p><q>J\u2019ai particuli\u00e8rement appr\u00e9ci\u00e9 la gentillesse, la patience, la flexibilit\u00e9 et le professionnalisme de toute l\u2019\u00e9quipe d\u2019ARIANNE Relocation. Merci.<\/q><br \/>\n<cite>Jacques Millery | Cap Gemini<\/cite><\/p>\n<\/blockquote>\n<blockquote>\n<p><q>ARIANNE nous a beaucoup aid\u00e9, ma femme et moi, lorsque nous nous sommes install\u00e9s \u00e0 Montr\u00e9al. Chaque probl\u00e8me a \u00e9t\u00e9 trait\u00e9 rapidement et avec s\u00e9rieux. Merci beaucoup ARIANNE.<\/q><br \/>\n<cite>M.D. | Pr\u00e9sident et chef de la direction d&rsquo;une compagnie pharmaceutique<\/cite><\/p>\n<\/blockquote>\n<blockquote>\n<p><q>Le processus de relocalisation a \u00e9t\u00e9 organis\u00e9 de mani\u00e8re tr\u00e8s efficace par ARIANNE. Nous sommes heureux avec notre nouvelle maison et tout cela n\u2019aurait pas \u00e9t\u00e9 possible sans leur aide. Gr\u00e2ce \u00e0 ARIANNE nous nous sentons maintenant chez nous dans une ville qui nous \u00e9tait inconnue. Leur professionnalisme et leur connaissance de Montr\u00e9al nous a permis d\u2019effectuer en douceur la transition vers une nouvelle ville et un nouveau pays.<\/q><br \/>\n<cite>Steve Gruber | Op\u00e9rateur financier, Pictet<\/cite><\/p>\n<\/blockquote>\n<blockquote>\n<p><q>Je voudrais vous remercier ARIANNE de l\u2019excellent travail effectu\u00e9 pour notre compagnie. Monsieur F me mentionnait qu\u2019il n\u2019avait pas rencontr\u00e9 beaucoup d\u2019agence de relocalisation avec le calibre de professionnalisme que vous avez d\u00e9montr\u00e9. Merci!<\/q><br \/>\n<cite>Diane Levac | Coordonnatrice RH, Pharmascience<\/cite><\/p>\n<\/blockquote>\n<blockquote>\n<p><q>Gr\u00e2ce \u00e0 l\u2019\u00e9quipe d\u2019immigration d\u2019affaires d\u2019ARIANNE, j\u2019ai pu obtenir mon permis de travail en moins de 3 semaines. Ils ont accompli l\u2019impossible. Merci beaucoup ARIANNE !<\/q><br \/>\n<cite>Saar Miron | Directeur d\u2019\u00e9quipe, r\u00e9seau et connectivit\u00e9, R&amp;D, Immersion Canada<\/cite><\/p>\n<\/blockquote>\n<p><a class=\"link\" href=\"\/?page_id=77\">Contactez-nous<\/a> pour savoir comment ARIANNE Relocation Canada peut vous servir, vous ou votre entreprise.<\/p>\n<\/div><\/div><\/div><\/div><\/div>\n","protected":false},"excerpt":{"rendered":"","protected":false},"author":17,"featured_media":0,"parent":0,"menu_order":0,"comment_status":"closed","ping_status":"closed","template":"","meta":{"_acf_changed":false,"pmpro_default_level":"","footnotes":""},"class_list":["post-5984","page","type-page","status-publish","hentry","pmpro-has-access"],"acf":[],"yoast_head":"<!-- This site is optimized with the Yoast SEO plugin v27.5 - https:\/\/yoast.com\/product\/yoast-seo-wordpress\/ -->\n<title>T\u00e9moignages - ARIANNE Relocalisation<\/title>\n<meta name=\"robots\" content=\"index, follow, max-snippet:-1, max-image-preview:large, max-video-preview:-1\" \/>\n<link rel=\"canonical\" href=\"https:\/\/www.ariannerelocation.com\/fr\/temoignages\/\" \/>\n<meta property=\"og:locale\" content=\"fr_FR\" \/>\n<meta property=\"og:type\" content=\"article\" \/>\n<meta property=\"og:title\" content=\"T\u00e9moignages - ARIANNE Relocalisation\" \/>\n<meta property=\"og:url\" content=\"https:\/\/www.ariannerelocation.com\/fr\/temoignages\/\" \/>\n<meta property=\"og:site_name\" content=\"ARIANNE Relocalisation\" \/>\n<meta property=\"article:publisher\" content=\"https:\/\/www.facebook.com\/ariannerelocation\/\" \/>\n<meta property=\"article:modified_time\" content=\"2023-11-07T22:21:02+00:00\" \/>\n<meta property=\"og:image\" content=\"https:\/\/ariannerelocation.com\/wp-content\/uploads\/2018\/06\/arianne_pin_logo.jpg\" \/>\n<meta name=\"twitter:card\" content=\"summary_large_image\" \/>\n<meta name=\"twitter:label1\" content=\"Dur\u00e9e de lecture estim\u00e9e\" \/>\n\t<meta name=\"twitter:data1\" content=\"6 minutes\" \/>\n<script type=\"application\/ld+json\" class=\"yoast-schema-graph\">{\"@context\":\"https:\\\/\\\/schema.org\",\"@graph\":[{\"@type\":\"WebPage\",\"@id\":\"https:\\\/\\\/www.ariannerelocation.com\\\/fr\\\/temoignages\\\/\",\"url\":\"https:\\\/\\\/www.ariannerelocation.com\\\/fr\\\/temoignages\\\/\",\"name\":\"T\u00e9moignages - ARIANNE Relocalisation\",\"isPartOf\":{\"@id\":\"https:\\\/\\\/www.ariannerelocation.com\\\/fr\\\/#website\"},\"datePublished\":\"2016-12-18T20:20:47+00:00\",\"dateModified\":\"2023-11-07T22:21:02+00:00\",\"breadcrumb\":{\"@id\":\"https:\\\/\\\/www.ariannerelocation.com\\\/fr\\\/temoignages\\\/#breadcrumb\"},\"inLanguage\":\"fr-FR\",\"potentialAction\":[{\"@type\":\"ReadAction\",\"target\":[\"https:\\\/\\\/www.ariannerelocation.com\\\/fr\\\/temoignages\\\/\"]}]},{\"@type\":\"BreadcrumbList\",\"@id\":\"https:\\\/\\\/www.ariannerelocation.com\\\/fr\\\/temoignages\\\/#breadcrumb\",\"itemListElement\":[{\"@type\":\"ListItem\",\"position\":1,\"name\":\"Home\",\"item\":\"https:\\\/\\\/www.ariannerelocation.com\\\/fr\\\/\"},{\"@type\":\"ListItem\",\"position\":2,\"name\":\"T\u00e9moignages\"}]},{\"@type\":\"WebSite\",\"@id\":\"https:\\\/\\\/www.ariannerelocation.com\\\/fr\\\/#website\",\"url\":\"https:\\\/\\\/www.ariannerelocation.com\\\/fr\\\/\",\"name\":\"ARIANNE Relocalisation\",\"description\":\"Relocation guides and services for people moving to Canada\",\"potentialAction\":[{\"@type\":\"SearchAction\",\"target\":{\"@type\":\"EntryPoint\",\"urlTemplate\":\"https:\\\/\\\/www.ariannerelocation.com\\\/fr\\\/?s={search_term_string}\"},\"query-input\":{\"@type\":\"PropertyValueSpecification\",\"valueRequired\":true,\"valueName\":\"search_term_string\"}}],\"inLanguage\":\"fr-FR\"}]}<\/script>\n<!-- \/ Yoast SEO plugin. -->","yoast_head_json":{"title":"T\u00e9moignages - ARIANNE Relocalisation","robots":{"index":"index","follow":"follow","max-snippet":"max-snippet:-1","max-image-preview":"max-image-preview:large","max-video-preview":"max-video-preview:-1"},"canonical":"https:\/\/www.ariannerelocation.com\/fr\/temoignages\/","og_locale":"fr_FR","og_type":"article","og_title":"T\u00e9moignages - ARIANNE Relocalisation","og_url":"https:\/\/www.ariannerelocation.com\/fr\/temoignages\/","og_site_name":"ARIANNE Relocalisation","article_publisher":"https:\/\/www.facebook.com\/ariannerelocation\/","article_modified_time":"2023-11-07T22:21:02+00:00","og_image":[{"url":"https:\/\/ariannerelocation.com\/wp-content\/uploads\/2018\/06\/arianne_pin_logo.jpg","type":"","width":"","height":""}],"twitter_card":"summary_large_image","twitter_misc":{"Dur\u00e9e de lecture estim\u00e9e":"6 minutes"},"schema":{"@context":"https:\/\/schema.org","@graph":[{"@type":"WebPage","@id":"https:\/\/www.ariannerelocation.com\/fr\/temoignages\/","url":"https:\/\/www.ariannerelocation.com\/fr\/temoignages\/","name":"T\u00e9moignages - ARIANNE Relocalisation","isPartOf":{"@id":"https:\/\/www.ariannerelocation.com\/fr\/#website"},"datePublished":"2016-12-18T20:20:47+00:00","dateModified":"2023-11-07T22:21:02+00:00","breadcrumb":{"@id":"https:\/\/www.ariannerelocation.com\/fr\/temoignages\/#breadcrumb"},"inLanguage":"fr-FR","potentialAction":[{"@type":"ReadAction","target":["https:\/\/www.ariannerelocation.com\/fr\/temoignages\/"]}]},{"@type":"BreadcrumbList","@id":"https:\/\/www.ariannerelocation.com\/fr\/temoignages\/#breadcrumb","itemListElement":[{"@type":"ListItem","position":1,"name":"Home","item":"https:\/\/www.ariannerelocation.com\/fr\/"},{"@type":"ListItem","position":2,"name":"T\u00e9moignages"}]},{"@type":"WebSite","@id":"https:\/\/www.ariannerelocation.com\/fr\/#website","url":"https:\/\/www.ariannerelocation.com\/fr\/","name":"ARIANNE Relocalisation","description":"Relocation guides and services for people moving to Canada","potentialAction":[{"@type":"SearchAction","target":{"@type":"EntryPoint","urlTemplate":"https:\/\/www.ariannerelocation.com\/fr\/?s={search_term_string}"},"query-input":{"@type":"PropertyValueSpecification","valueRequired":true,"valueName":"search_term_string"}}],"inLanguage":"fr-FR"}]}},"_links":{"self":[{"href":"https:\/\/www.ariannerelocation.com\/fr\/wp-json\/wp\/v2\/pages\/5984","targetHints":{"allow":["GET"]}}],"collection":[{"href":"https:\/\/www.ariannerelocation.com\/fr\/wp-json\/wp\/v2\/pages"}],"about":[{"href":"https:\/\/www.ariannerelocation.com\/fr\/wp-json\/wp\/v2\/types\/page"}],"author":[{"embeddable":true,"href":"https:\/\/www.ariannerelocation.com\/fr\/wp-json\/wp\/v2\/users\/17"}],"replies":[{"embeddable":true,"href":"https:\/\/www.ariannerelocation.com\/fr\/wp-json\/wp\/v2\/comments?post=5984"}],"version-history":[{"count":5,"href":"https:\/\/www.ariannerelocation.com\/fr\/wp-json\/wp\/v2\/pages\/5984\/revisions"}],"predecessor-version":[{"id":20638,"href":"https:\/\/www.ariannerelocation.com\/fr\/wp-json\/wp\/v2\/pages\/5984\/revisions\/20638"}],"wp:attachment":[{"href":"https:\/\/www.ariannerelocation.com\/fr\/wp-json\/wp\/v2\/media?parent=5984"}],"curies":[{"name":"wp","href":"https:\/\/api.w.org\/{rel}","templated":true}]}}