{"id":5970,"date":"2016-12-18T20:14:06","date_gmt":"2016-12-18T20:14:06","guid":{"rendered":"https:\/\/ariannerelocation.com\/?page_id=5970\/"},"modified":"2016-12-18T20:14:06","modified_gmt":"2016-12-18T20:14:06","slug":"question-reponse","status":"publish","type":"page","link":"https:\/\/www.ariannerelocation.com\/fr\/question-reponse\/","title":{"rendered":"FAQ"},"content":{"rendered":"<h2>FAQ<\/h2>\n<p><strong>Pourquoi devrions-nous utiliser une agence de relocalisation, pourquoi ne pas simplement nous relocaliser nous-m\u00eames\u00a0?<\/strong><br \/>\nLa relocalisation ne consiste pas simplement dans la recherche d\u2019un logement suivi du d\u00e9m\u00e9nagement. Tout doit \u00eatre pr\u00e9cis\u00e9ment organis\u00e9 afin que tous les \u00e9l\u00e9ments du processus s\u2019encha\u00eenent correctement. Le bon logement au bon endroit, la meilleure \u00e9cole ou garderie, etc. De plus, tous les documents administratifs doivent \u00eatre en r\u00e8gle. S\u2019il est n\u00e9cessaire le visa devra \u00eatre demand\u00e9 ad\u00e9quatement, tout en s\u2019occupant de la banque, l\u2019hypoth\u00e8que, l\u2019assurance maladie, l\u2019assurance sociale, le permis de conduire, et tout cela pendant que vous essayer de trouver vos marques dans une nouvelle ville, voire un nouveau pays.<\/p>\n<p><strong>Depuis combien de temps ARIANNE fait-elle de la relocalisation\u00a0?<\/strong><br \/>\nARIANNE Relocation Canada relocalise des entreprises et des familles depuis plus de 10 ans.<\/p>\n<p><strong>ARIANNE offre ses services dans quels endroits au Canada ?<\/strong><br \/>\nARIANNE offre services de mobilit\u00e9 internationale pour toutes les grandes villes du Canada comme Montr\u00e9al, Ottawa, Toronto, Calgary, Vancouver, ainsi que dans les r\u00e9gions rurales gr\u00e2ce \u00e0 notre vaste r\u00e9seau de partenaires.<\/p>\n<p><strong>Comment ARIANNE va m\u2019assister dans ma relocalisation\u00a0?<\/strong><br \/>\nARIANNE va vous assister en vous informant, guidant et accompagnant \u00e0 travers toutes les \u00e9tapes de votre relocalisation. Depuis les premiers pr\u00e9paratifs jusqu\u2019au moment o\u00f9 vous vous sentirez \u00ab\u00a0\u00e0 la maison\u00a0\u00bb dans votre nouvelle ville, votre conseiller de relocalisation sera l\u00e0 pour vous assister et r\u00e9pondre \u00e0 toutes les questions que vous vous poserez au cours de ce long processus.<\/p>\n<p><strong>Pourquoi avez-vous choisi le nom ARIANNE Relocation Canada ? \u00ab\u00a0ARIANNE\u00a0\u00bb est une personne\u00a0?<\/strong><br \/>\nLe nom ARIANNE a \u00e9t\u00e9 choisi \u00e0 partir du \u00ab <em>mythe d\u2019Ariane et de Th\u00e9s\u00e9e<\/em> \u00bb. Dans la mythologie grecque, le fil d\u2019Ariane guide Th\u00e9s\u00e9e pour sortir d\u2019un labyrinthe. Nous avons pens\u00e9 qu\u2019apparenter le nom de notre compagnie avec un guide de survie \u00e9tait une tr\u00e8s bonne id\u00e9e\u00a0!<\/p>\n<h3>Pr\u00e9paratifs avant le d\u00e9part<\/h3>\n<p><strong>Comment savoir ce qu\u2019il faut faire pour pr\u00e9parer ma relocalisation\u00a0?<\/strong><br \/>\nIl y aura une myriade de d\u00e9cisions essentielles \u00e0 prendre et des documents administratifs \u00e0 pr\u00e9parer. ARIANNE travaillera \u00e0 vos c\u00f4t\u00e9s pour r\u00e9pondre \u00e0 toutes vos questions et vous fournira un guide et une liste de choses essentielles \u00e0 faire afin que rien ne soit n\u00e9glig\u00e9.<\/p>\n<p><strong>Comment faire avec nos animaux domestiques\u00a0; pouvons-nous les amener avec nous\u00a0?<\/strong><br \/>\nARIANNE vous fournira toutes les informations dont vous avez besoin pour que vous puissiez relocaliser vos animaux pr\u00e9f\u00e9r\u00e9s au Canada. Si vous le souhaitez, nous pourrons coordonner ce service avec un sp\u00e9cialiste de la relocalisation d\u2019animaux domestiques.<\/p>\n<h3>Arriv\u00e9e<\/h3>\n<p><strong>Est-ce que nous aurons un endroit o\u00f9 vivre lorsque nous arriverons\u00a0?<\/strong><br \/>\nARIANNE a d\u00e9velopp\u00e9 un r\u00e9seau de propri\u00e9t\u00e9s pour cadres pour les premi\u00e8res semaines de votre arriv\u00e9e au Canada. Ces propri\u00e9t\u00e9s enti\u00e8rement meubl\u00e9es sont tr\u00e8s bien localis\u00e9es tout en \u00e9tant moins ch\u00e8res qu\u2019un long s\u00e9jour \u00e0 l\u2019h\u00f4tel.<\/p>\n<p><strong>Comment identifier le quartier qui nous conviendra le mieux\u00a0?<\/strong><br \/>\nIl faut tenir compte de diff\u00e9rents facteurs pour faire votre choix\u00a0: style de vie, budget, distance et temps de transports, \u00e9coles, le fait que vous soyez en famille, couple ou c\u00e9libataire. L\u2019expertise locale d\u2019ARIANNE vous aidera \u00e0 faire le bon choix.<\/p>\n<p><strong>ARIANNE peut-elle nous aider \u00e0 acheter ou louer une maison ?<\/strong><br \/>\nOui, ARIANNE comprend que trouver le bon logement est essentiel pour le succ\u00e8s de votre relocalisation. ARIANNE vous fournira les services d\u2019un agent immobilier affili\u00e9 et sp\u00e9cialis\u00e9 dans l\u2019assistance aux personnes relocalis\u00e9es recherchant leur nouvelle maison.*<\/p>\n<p><strong>ARIANNE peut-elle nous aider \u00e0 assurer la qualit\u00e9 et la continuit\u00e9 de l\u2019\u00e9ducation de nos enfants\u00a0?<\/strong><br \/>\nOui, ARIANNE est fi\u00e8re de sa connaissance approfondie du syst\u00e8me \u00e9ducatif canadien. Nous ferons en sorte d\u2019assurer l\u2019excellence et la continuit\u00e9 de l\u2019\u00e9ducation de vos enfants. Pour cela, il faudra tenir compte non seulement de votre statut professionnel, mais aussi de votre destination pr\u00e9cise car chaque province a sa propre politique \u00e9ducative. Quelle \u00e9cole choisirez-vous\u00a0: priv\u00e9e ou publique, anglaise et\/ou fran\u00e7aise, immersion, internationale, religieuse\u00a0? Un examen d\u2019entr\u00e9e sera-t-il demand\u00e9\u00a0? Est-ce qu\u2019il y a encore de la place pour le groupe d\u2019\u00e2ge de l\u2019enfant\u00a0? Quels sont les frais de scolarit\u00e9\u00a0? ARIANNE prendra soin de vos pr\u00e9occupations de parents et facilitera les proc\u00e9dures d\u2019inscription.<\/p>\n<p><strong>Mon enfant est trop jeune pour aller \u00e0 l\u2019\u00e9cole. ARIANNE peut-elle m\u2019aider \u00e0 trouver une garderie\u00a0?<\/strong><br \/>\nOui, ARIANNE comprend que trouver une garderie est tr\u00e8s important pour les parents et ARIANNE vous assistera afin de trouver la meilleure garderie pour vous et votre enfant.<\/p>\n<h3>L\u2019installation<\/h3>\n<p><strong>Comment savoir quels services contracter pour mon installation\u00a0?<\/strong><br \/>\nC\u2019est une question importante car nous oublions parfois que remplacer les services quotidiens comme le compte bancaire, la voiture, le t\u00e9l\u00e9phone, l\u2019\u00e9lectricit\u00e9, internet, etc., demande du temps et une connaissance locale. ARIANNE a d\u00e9velopp\u00e9 un vaste r\u00e9seau de professionnels de confiance qui vous offriront d\u2019excellents services.<\/p>\n<p>Comment faire si j\u2019ai besoin d\u2019obtenir rapidement mon permis de travail, ou si le processus est plus long que pr\u00e9vu\u00a0?<br \/>\nARIANNE travaille avec des avocats exp\u00e9riment\u00e9s dans les questions d\u2019immigrations et qui sont sp\u00e9cialis\u00e9s dans l\u2019assistance aux professionnels souhaitant obtenir leur visa de travail le plus rapidement possible.<\/p>\n<p><strong>Pouvons-nous demander de l\u2019aide encore apr\u00e8s notre installation\u00a0?<\/strong><br \/>\nARIANNE offre une assistance en continu de relocalisation dans la plupart de ses contrats de relocalisation. Ce soutien en continu peut vous \u00eatre offert pendant toute la dur\u00e9e de votre s\u00e9jour au Canada, et vous fournir une \u00e9coute bienveillante et des informations utiles \u00e0 chaque fois que vous le souhaitez.<\/p>\n<p><strong>ARIANNE peut-elle aider mon(ma) partenaire \u00e0 trouver un travail apr\u00e8s notre relocalisation\u00a0?<\/strong><br \/>\nARIANNE travaille avec des conseillers en carri\u00e8re professionnelle qui peuvent aider votre partenaire \u00e0 trouver les opportunit\u00e9s professionnelles \u00e0 sa disposition dans votre ville de destination.<\/p>\n<p><strong>J\u2019ai \u00e9t\u00e9 relocalis\u00e9 sans l\u2019aide d\u2019ARIANNE et cela a \u00e9t\u00e9 un d\u00e9sastre, que puis-je faire maintenant\u00a0?<\/strong><br \/>\nARIANNE va vous aider \u00e0 recoller les morceaux et \u00e0 vous remettre sur de bons rails. Votre conseiller \u00e9valuera avec vous vos besoins et avec notre vaste r\u00e9seau de contacts nous ferons tout ce qui est en notre pouvoir pour tout bien mettre en place pour vous.<\/p>\n<h3>D\u00e9part<\/h3>\n<p><strong>ARIANNE pourra-t-elle nous aider \u00e0 la fin de notre travail au Canada\u00a0?<\/strong><br \/>\nUne assistance au d\u00e9part est utile pour vous aider \u00e0 rentrer dans votre pays ou pour vous pr\u00e9parer \u00e0 votre nouvelle destination. ARIANNE vous guidera \u00e9galement dans les nombreuses \u00e9tapes requises pour quitter le Canada l\u2019esprit en paix.<\/p>\n<p>* Veuillez noter que dans la province du Qu\u00e9bec, les op\u00e9rations de courtage immobilier seront effectu\u00e9es par titulaires d\u2019un certificat de courtier ou d\u2019agent immobilier d\u00e9livr\u00e9 par l\u2019ACAIQ. <a target=\"_blank\" href=\"http:\/\/www.acaiq.com\/\">www.acaiq.com<\/a><\/p>\n<p><a href=\"\/?page_id=77\"><strong>Contactez-nous<\/strong><\/a> pour savoir comment ARIANNE Relocation Canada peut vous servir, vous ou votre entreprise.<\/p>\n","protected":false},"excerpt":{"rendered":"<p>FAQ Pourquoi devrions-nous utiliser une agence de relocalisation, pourquoi ne pas simplement nous relocaliser nous-m\u00eames\u00a0? La relocalisation ne consiste pas simplement dans la recherche d\u2019un logement suivi du d\u00e9m\u00e9nagement. Tout doit \u00eatre pr\u00e9cis\u00e9ment organis\u00e9 afin que tous les \u00e9l\u00e9ments du processus s\u2019encha\u00eenent correctement. Le bon logement au bon endroit, la meilleure \u00e9cole ou garderie, etc.  [&#8230;]<\/p>\n","protected":false},"author":17,"featured_media":0,"parent":0,"menu_order":0,"comment_status":"closed","ping_status":"closed","template":"","meta":{"_acf_changed":false,"pmpro_default_level":"","footnotes":""},"class_list":["post-5970","page","type-page","status-publish","hentry","pmpro-has-access"],"acf":[],"yoast_head":"<!-- This site is optimized with the Yoast SEO plugin v27.6 - https:\/\/yoast.com\/product\/yoast-seo-wordpress\/ -->\n<title>FAQ - ARIANNE Relocalisation<\/title>\n<meta name=\"robots\" content=\"index, follow, max-snippet:-1, max-image-preview:large, max-video-preview:-1\" \/>\n<link rel=\"canonical\" href=\"https:\/\/www.ariannerelocation.com\/fr\/question-reponse\/\" \/>\n<meta property=\"og:locale\" content=\"fr_FR\" \/>\n<meta property=\"og:type\" content=\"article\" \/>\n<meta property=\"og:title\" content=\"FAQ - ARIANNE Relocalisation\" \/>\n<meta property=\"og:description\" content=\"FAQ Pourquoi devrions-nous utiliser une agence de relocalisation, pourquoi ne pas simplement nous relocaliser nous-m\u00eames\u00a0? La relocalisation ne consiste pas simplement dans la recherche d\u2019un logement suivi du d\u00e9m\u00e9nagement. Tout doit \u00eatre pr\u00e9cis\u00e9ment organis\u00e9 afin que tous les \u00e9l\u00e9ments du processus s\u2019encha\u00eenent correctement. Le bon logement au bon endroit, la meilleure \u00e9cole ou garderie, etc. [...]\" \/>\n<meta property=\"og:url\" content=\"https:\/\/www.ariannerelocation.com\/fr\/question-reponse\/\" \/>\n<meta property=\"og:site_name\" content=\"ARIANNE Relocalisation\" \/>\n<meta property=\"article:publisher\" content=\"https:\/\/www.facebook.com\/ariannerelocation\/\" \/>\n<meta property=\"og:image\" content=\"https:\/\/ariannerelocation.com\/wp-content\/uploads\/2018\/06\/arianne_pin_logo.jpg\" \/>\n<meta name=\"twitter:card\" content=\"summary_large_image\" \/>\n<meta name=\"twitter:label1\" content=\"Dur\u00e9e de lecture estim\u00e9e\" \/>\n\t<meta name=\"twitter:data1\" content=\"6 minutes\" \/>\n<script type=\"application\/ld+json\" class=\"yoast-schema-graph\">{\"@context\":\"https:\\\/\\\/schema.org\",\"@graph\":[{\"@type\":\"WebPage\",\"@id\":\"https:\\\/\\\/www.ariannerelocation.com\\\/fr\\\/question-reponse\\\/\",\"url\":\"https:\\\/\\\/www.ariannerelocation.com\\\/fr\\\/question-reponse\\\/\",\"name\":\"FAQ - ARIANNE Relocalisation\",\"isPartOf\":{\"@id\":\"https:\\\/\\\/www.ariannerelocation.com\\\/fr\\\/#website\"},\"datePublished\":\"2016-12-18T20:14:06+00:00\",\"breadcrumb\":{\"@id\":\"https:\\\/\\\/www.ariannerelocation.com\\\/fr\\\/question-reponse\\\/#breadcrumb\"},\"inLanguage\":\"fr-FR\",\"potentialAction\":[{\"@type\":\"ReadAction\",\"target\":[\"https:\\\/\\\/www.ariannerelocation.com\\\/fr\\\/question-reponse\\\/\"]}]},{\"@type\":\"BreadcrumbList\",\"@id\":\"https:\\\/\\\/www.ariannerelocation.com\\\/fr\\\/question-reponse\\\/#breadcrumb\",\"itemListElement\":[{\"@type\":\"ListItem\",\"position\":1,\"name\":\"Home\",\"item\":\"https:\\\/\\\/www.ariannerelocation.com\\\/fr\\\/\"},{\"@type\":\"ListItem\",\"position\":2,\"name\":\"FAQ\"}]},{\"@type\":\"WebSite\",\"@id\":\"https:\\\/\\\/www.ariannerelocation.com\\\/fr\\\/#website\",\"url\":\"https:\\\/\\\/www.ariannerelocation.com\\\/fr\\\/\",\"name\":\"ARIANNE Relocalisation\",\"description\":\"Relocation guides and services for people moving to Canada\",\"potentialAction\":[{\"@type\":\"SearchAction\",\"target\":{\"@type\":\"EntryPoint\",\"urlTemplate\":\"https:\\\/\\\/www.ariannerelocation.com\\\/fr\\\/?s={search_term_string}\"},\"query-input\":{\"@type\":\"PropertyValueSpecification\",\"valueRequired\":true,\"valueName\":\"search_term_string\"}}],\"inLanguage\":\"fr-FR\"}]}<\/script>\n<!-- \/ Yoast SEO plugin. -->","yoast_head_json":{"title":"FAQ - ARIANNE Relocalisation","robots":{"index":"index","follow":"follow","max-snippet":"max-snippet:-1","max-image-preview":"max-image-preview:large","max-video-preview":"max-video-preview:-1"},"canonical":"https:\/\/www.ariannerelocation.com\/fr\/question-reponse\/","og_locale":"fr_FR","og_type":"article","og_title":"FAQ - ARIANNE Relocalisation","og_description":"FAQ Pourquoi devrions-nous utiliser une agence de relocalisation, pourquoi ne pas simplement nous relocaliser nous-m\u00eames\u00a0? La relocalisation ne consiste pas simplement dans la recherche d\u2019un logement suivi du d\u00e9m\u00e9nagement. Tout doit \u00eatre pr\u00e9cis\u00e9ment organis\u00e9 afin que tous les \u00e9l\u00e9ments du processus s\u2019encha\u00eenent correctement. Le bon logement au bon endroit, la meilleure \u00e9cole ou garderie, etc. [...]","og_url":"https:\/\/www.ariannerelocation.com\/fr\/question-reponse\/","og_site_name":"ARIANNE Relocalisation","article_publisher":"https:\/\/www.facebook.com\/ariannerelocation\/","og_image":[{"url":"https:\/\/ariannerelocation.com\/wp-content\/uploads\/2018\/06\/arianne_pin_logo.jpg","type":"","width":"","height":""}],"twitter_card":"summary_large_image","twitter_misc":{"Dur\u00e9e de lecture estim\u00e9e":"6 minutes"},"schema":{"@context":"https:\/\/schema.org","@graph":[{"@type":"WebPage","@id":"https:\/\/www.ariannerelocation.com\/fr\/question-reponse\/","url":"https:\/\/www.ariannerelocation.com\/fr\/question-reponse\/","name":"FAQ - ARIANNE Relocalisation","isPartOf":{"@id":"https:\/\/www.ariannerelocation.com\/fr\/#website"},"datePublished":"2016-12-18T20:14:06+00:00","breadcrumb":{"@id":"https:\/\/www.ariannerelocation.com\/fr\/question-reponse\/#breadcrumb"},"inLanguage":"fr-FR","potentialAction":[{"@type":"ReadAction","target":["https:\/\/www.ariannerelocation.com\/fr\/question-reponse\/"]}]},{"@type":"BreadcrumbList","@id":"https:\/\/www.ariannerelocation.com\/fr\/question-reponse\/#breadcrumb","itemListElement":[{"@type":"ListItem","position":1,"name":"Home","item":"https:\/\/www.ariannerelocation.com\/fr\/"},{"@type":"ListItem","position":2,"name":"FAQ"}]},{"@type":"WebSite","@id":"https:\/\/www.ariannerelocation.com\/fr\/#website","url":"https:\/\/www.ariannerelocation.com\/fr\/","name":"ARIANNE Relocalisation","description":"Relocation guides and services for people moving to Canada","potentialAction":[{"@type":"SearchAction","target":{"@type":"EntryPoint","urlTemplate":"https:\/\/www.ariannerelocation.com\/fr\/?s={search_term_string}"},"query-input":{"@type":"PropertyValueSpecification","valueRequired":true,"valueName":"search_term_string"}}],"inLanguage":"fr-FR"}]}},"_links":{"self":[{"href":"https:\/\/www.ariannerelocation.com\/fr\/wp-json\/wp\/v2\/pages\/5970","targetHints":{"allow":["GET"]}}],"collection":[{"href":"https:\/\/www.ariannerelocation.com\/fr\/wp-json\/wp\/v2\/pages"}],"about":[{"href":"https:\/\/www.ariannerelocation.com\/fr\/wp-json\/wp\/v2\/types\/page"}],"author":[{"embeddable":true,"href":"https:\/\/www.ariannerelocation.com\/fr\/wp-json\/wp\/v2\/users\/17"}],"replies":[{"embeddable":true,"href":"https:\/\/www.ariannerelocation.com\/fr\/wp-json\/wp\/v2\/comments?post=5970"}],"version-history":[{"count":0,"href":"https:\/\/www.ariannerelocation.com\/fr\/wp-json\/wp\/v2\/pages\/5970\/revisions"}],"wp:attachment":[{"href":"https:\/\/www.ariannerelocation.com\/fr\/wp-json\/wp\/v2\/media?parent=5970"}],"curies":[{"name":"wp","href":"https:\/\/api.w.org\/{rel}","templated":true}]}}