{"id":17444,"date":"2022-02-24T01:14:45","date_gmt":"2022-02-24T01:14:45","guid":{"rendered":"https:\/\/ariannerelocation.com\/etudiants\/"},"modified":"2023-11-09T22:38:37","modified_gmt":"2023-11-09T22:38:37","slug":"etudiants","status":"publish","type":"page","link":"https:\/\/www.ariannerelocation.com\/fr\/etudiants\/","title":{"rendered":"\u00c9tudiants"},"content":{"rendered":"<p><div class=\"fusion-fullwidth fullwidth-box fusion-builder-row-1 nonhundred-percent-fullwidth non-hundred-percent-height-scrolling\" style=\"--awb-border-radius-top-left:0px;--awb-border-radius-top-right:0px;--awb-border-radius-bottom-right:0px;--awb-border-radius-bottom-left:0px;--awb-flex-wrap:wrap;\" ><div class=\"fusion-builder-row fusion-row\"><div class=\"fusion-layout-column fusion_builder_column fusion-builder-column-0 fusion_builder_column_2_3 2_3 fusion-two-third fusion-column-first\" style=\"--awb-bg-size:cover;--awb-margin-top:15px;width:66.666666666667%;width:calc(66.666666666667% - ( ( 4% ) * 0.66666666666667 ) );margin-right: 4%;\"><div class=\"fusion-column-wrapper fusion-flex-column-wrapper-legacy\"><div class=\"fusion-title title fusion-title-1 sep-underline sep-solid fusion-title-text fusion-title-size-one\" style=\"--awb-sep-color:#be1e2d;\"><h1 class=\"fusion-title-heading title-heading-left\" style=\"margin:0;\">\u00c9tudiants<\/h1><\/div><div class=\"fusion-builder-row fusion-builder-row-inner fusion-row\"><div class=\"fusion-layout-column fusion_builder_column_inner fusion-builder-nested-column-0 fusion_builder_column_inner_1_2 1_2 fusion-one-half fusion-column-first\" style=\"--awb-bg-size:cover;width:50%;width:calc(50% - ( ( 4% ) * 0.5 ) );margin-right: 4%;\"><div class=\"fusion-column-wrapper fusion-flex-column-wrapper-legacy\"><div class=\"fusion-text fusion-text-1\"><p><b class=\"\">Des \u00e9tudiants <\/b>du monde entier affluent au Canada pour obtenir une \u00e9ducation de haute qualit\u00e9 dans un pays dynamique et prosp\u00e8re. Souvent, ces \u00e9l\u00e8ves quittent la maison de leurs parents pour la premi\u00e8re fois, de sorte que les \u00e9l\u00e8ves et les parents sont impatients de trouver un endroit s\u00fbr pour vivre dans un quartier \u00e0 la fois stimulant et abordable. De nouvelles questions surgissent \u00e0 chaque \u00e9tape, mais ARIANNE est l\u00e0 quand vous avez besoin de quelqu\u2019un vers qui vous tourner, quelqu\u2019un sur qui vous pouvez compter.<\/p>\n<\/div><div class=\"fusion-alignleft\"><a class=\"fusion-button button-flat fusion-button-default-size button-custom fusion-button-default button-1 fusion-button-default-span fusion-button-default-type\" style=\"--button_accent_color:#ffffff;--button_accent_hover_color:#ffffff;--button_border_hover_color:#ffffff;--button_gradient_top_color:#47bfc2;--button_gradient_bottom_color:#47bfc2;--button_gradient_top_color_hover:#35a9ac;--button_gradient_bottom_color_hover:#35a9ac;\" target=\"_self\" href=\"\/fr\/commencez\/\"><span class=\"fusion-button-text awb-button__text awb-button__text--default\">COMMENCEZ!<\/span><\/a><\/div><div class=\"fusion-clearfix\"><\/div><\/div><\/div><div class=\"fusion-layout-column fusion_builder_column_inner fusion-builder-nested-column-1 fusion_builder_column_inner_1_2 1_2 fusion-one-half fusion-column-last\" style=\"--awb-bg-size:cover;width:50%;width:calc(50% - ( ( 4% ) * 0.5 ) );\"><div class=\"fusion-column-wrapper fusion-flex-column-wrapper-legacy\"><div class=\"fusion-image-element in-legacy-container\" style=\"--awb-caption-title-font-family:var(--h2_typography-font-family);--awb-caption-title-font-weight:var(--h2_typography-font-weight);--awb-caption-title-font-style:var(--h2_typography-font-style);--awb-caption-title-size:var(--h2_typography-font-size);--awb-caption-title-transform:var(--h2_typography-text-transform);--awb-caption-title-line-height:var(--h2_typography-line-height);--awb-caption-title-letter-spacing:var(--h2_typography-letter-spacing);\"><span class=\" fusion-imageframe imageframe-none imageframe-1 hover-type-none\"><img decoding=\"async\" width=\"750\" height=\"750\" alt=\"Nous aidons les \u00e9tudiants qui d\u00e9m\u00e9nagent au Canada\" title=\"Nous aidons les \u00e9tudiants qui d\u00e9m\u00e9nagent au Canada\" src=\"https:\/\/ariannerelocation.com\/wp-content\/uploads\/2017\/06\/home_students.jpg\" class=\"img-responsive wp-image-16352\" srcset=\"https:\/\/ariannerelocation.com\/wp-content\/uploads\/2017\/06\/home_students-200x200.jpg 200w, https:\/\/ariannerelocation.com\/wp-content\/uploads\/2017\/06\/home_students-400x400.jpg 400w, https:\/\/ariannerelocation.com\/wp-content\/uploads\/2017\/06\/home_students-600x600.jpg 600w, https:\/\/ariannerelocation.com\/wp-content\/uploads\/2017\/06\/home_students.jpg 750w\" sizes=\"(max-width: 800px) 100vw, 600px\" \/><\/span><\/div><div class=\"fusion-clearfix\"><\/div><\/div><\/div><\/div><div class=\"fusion-clearfix\"><\/div><\/div><\/div><div class=\"fusion-layout-column fusion_builder_column fusion-builder-column-1 fusion_builder_column_1_3 1_3 fusion-one-third fusion-column-last\" style=\"--awb-padding-top:0px;--awb-bg-size:cover;--awb-margin-top:15px;width:33.333333333333%;width:calc(33.333333333333% - ( ( 4% ) * 0.33333333333333 ) );\"><div class=\"fusion-column-wrapper fusion-flex-column-wrapper-legacy\"><div class=\"fusion-column-content-centered\"><div class=\"fusion-column-content\"><div class=\"fusion-title title fusion-title-2 sep-underline sep-solid fusion-title-text fusion-title-size-one\" style=\"--awb-sep-color:#be1e2d;\"><h1 class=\"fusion-title-heading title-heading-left\" style=\"margin:0;\">T\u00e9moignage<\/h1><\/div><div class=\"fusion-image-element in-legacy-container\" style=\"--awb-caption-title-font-family:var(--h2_typography-font-family);--awb-caption-title-font-weight:var(--h2_typography-font-weight);--awb-caption-title-font-style:var(--h2_typography-font-style);--awb-caption-title-size:var(--h2_typography-font-size);--awb-caption-title-transform:var(--h2_typography-text-transform);--awb-caption-title-line-height:var(--h2_typography-line-height);--awb-caption-title-letter-spacing:var(--h2_typography-letter-spacing);\"><span class=\" fusion-imageframe imageframe-none imageframe-2 hover-type-none\"><img decoding=\"async\" width=\"750\" height=\"250\" alt=\"espace rack de logo\" title=\"espace rack de logo\" src=\"https:\/\/ariannerelocation.com\/wp-content\/uploads\/2018\/03\/rackspace.jpg\" class=\"img-responsive wp-image-16714\" srcset=\"https:\/\/ariannerelocation.com\/wp-content\/uploads\/2018\/03\/rackspace-200x67.jpg 200w, https:\/\/ariannerelocation.com\/wp-content\/uploads\/2018\/03\/rackspace-400x133.jpg 400w, https:\/\/ariannerelocation.com\/wp-content\/uploads\/2018\/03\/rackspace-600x200.jpg 600w, https:\/\/ariannerelocation.com\/wp-content\/uploads\/2018\/03\/rackspace.jpg 750w\" sizes=\"(max-width: 800px) 100vw, 400px\" \/><\/span><\/div><div class=\"fusion-testimonials classic awb-speech-bubble-show fusion-testimonials-1\" style=\"--awb-textcolor:#747474;--awb-backgroundcolor:#f6f6f6;--awb-testimonial-border-style:solid;--awb-testimonial-border-color:var(--awb-color3);--awb-border-top-left-radius:0px;--awb-border-top-right-radius:0px;--awb-border-bottom-left-radius:0px;--awb-border-bottom-right-radius:0px;--testimonial-border-width-top:0px;--testimonial-border-width-right:0px;--testimonial-border-width-bottom:0px;--testimonial-border-width-left:0px;\" data-random=\"0\" data-speed=\"7000\"><div class=\"reviews\"><div class=\"review active-testimonial avatar-image\"><blockquote><div class=\"awb-quote\"><div class=\"awb-quote-content\">\n<p>\u00ab M\u00eame avant mon arriv\u00e9e au Canada, ARIANNE r\u00e9pondait \u00e0 mes besoins en mati\u00e8re d\u2019\u00e9ducation. Ils ont jou\u00e9 un r\u00f4le d\u00e9terminant dans la navigation dans le syst\u00e8me d\u2019\u00e9ducation et ont veill\u00e9 \u00e0 ce qu\u2019\u00e0 mon arriv\u00e9e, tout soit pris en charge et que ma transition vers un coll\u00e8ge ne soit pas un probl\u00e8me. \u00bb<\/p>\n<\/div><\/div><span class=\"awb-triangle\"><\/span><\/blockquote><div class=\"author\"><span class=\"testimonial-thumbnail\"><img decoding=\"async\" class=\"testimonial-image\" src=\"https:\/\/ariannerelocation.com\/wp-content\/uploads\/2017\/11\/Christopher-Buckley-200x200.jpg\" width=\"450\" height=\"450\" alt=\"T\u00e9moignage Christopher Buckley\" \/><\/span><span class=\"company-name\"><strong>Christophe Buckley<\/strong><span>, <\/span><span>Chef d\u2019\u00e9quipe Fanatique AWS chez Rackspace<\/span><\/span><\/div><\/div><\/div><\/div><\/div><\/div><div class=\"fusion-clearfix\"><\/div><\/div><\/div><\/div><\/div><div class=\"fusion-fullwidth fullwidth-box fusion-builder-row-2 nonhundred-percent-fullwidth non-hundred-percent-height-scrolling\" style=\"--awb-border-radius-top-left:0px;--awb-border-radius-top-right:0px;--awb-border-radius-bottom-right:0px;--awb-border-radius-bottom-left:0px;--awb-margin-top:50px;--awb-flex-wrap:wrap;\" ><div class=\"fusion-builder-row fusion-row\"><div class=\"fusion-layout-column fusion_builder_column fusion-builder-column-2 fusion_builder_column_1_1 1_1 fusion-one-full fusion-column-first fusion-column-last\" style=\"--awb-bg-size:cover;\"><div class=\"fusion-column-wrapper fusion-flex-column-wrapper-legacy\"><div class=\"fusion-title title fusion-title-3 sep-underline sep-solid fusion-title-text fusion-title-size-one\" style=\"--awb-sep-color:#be1e2d;\"><h1 class=\"fusion-title-heading title-heading-left\" style=\"margin:0;\">Comment nous aidons<\/h1><\/div><div class=\"fusion-clearfix\"><\/div><\/div><\/div><div class=\"fusion-layout-column fusion_builder_column fusion-builder-column-3 fusion_builder_column_1_1 1_1 fusion-one-full fusion-column-first fusion-column-last\" style=\"--awb-bg-size:cover;\"><div class=\"fusion-column-wrapper fusion-flex-column-wrapper-legacy\"><div class=\"fusion-clearfix\"><\/div><\/div><\/div><div class=\"fusion-layout-column fusion_builder_column fusion-builder-column-4 fusion_builder_column_1_1 1_1 fusion-one-full fusion-column-first fusion-column-last\" style=\"--awb-bg-size:cover;\"><div class=\"fusion-column-wrapper fusion-flex-column-wrapper-legacy\"><div class=\"fusion-content-boxes content-boxes columns row fusion-columns-5 fusion-columns-total-5 fusion-content-boxes-1 content-boxes-icon-boxed content-left col-h-fix\" style=\"--awb-backgroundcolor:rgba(191,191,191,0.5);--awb-margin-top:40px;--awb-margin-bottom:0px;--awb-hover-accent-color:#be1e2d;--awb-circle-hover-accent-color:#be1e2d;\" data-animationOffset=\"top-into-view\"><div style=\"--awb-backgroundcolor:rgba(191,191,191,0.5);\" class=\"fusion-column content-box-column content-box-column-1 col-lg-2 col-md-2 col-sm-2 fusion-content-box-hover content-box-column-first-in-row\"><div class=\"col content-box-wrapper content-wrapper-background content-wrapper-boxed link-area-link-icon icon-hover-animation-slide\" data-animationOffset=\"top-into-view\"><div class=\"heading heading-with-icon icon-left\"><div style=\"margin-left:-50px;top:-100px;\" aria-hidden=\"true\" class=\"image\"><img decoding=\"async\" src=\"https:\/\/ariannerelocation.com\/wp-content\/uploads\/2017\/12\/icon-location.png\" width=\"100\" height=\"100\" alt=\"\" \/><\/div><h2 class=\"content-box-heading\" style=\"--h2_typography-font-size:18px;line-height:23px;\">FEUILLE DE ROUTE<\/h2><\/div><div class=\"fusion-clearfix\"><\/div><div class=\"content-container\">\n<p>Comprenez le processus avec un aper\u00e7u utile et global de tous les aspects que vous devrez prendre en compte. GRATUIT.<\/p>\n<div class=\"fusion-align-block\"><a class=\"fusion-button button-flat button-medium button-custom fusion-button-default button-2 fusion-button-span-yes fusion-button-default-type\" style=\"--button_accent_color:#ffffff;--button_accent_hover_color:#ffffff;--button_border_hover_color:#ffffff;--button-border-radius-top-left:2px;--button-border-radius-top-right:2px;--button-border-radius-bottom-right:2px;--button-border-radius-bottom-left:2px;--button_gradient_top_color:#47bfc2;--button_gradient_bottom_color:#47bfc2;--button_gradient_top_color_hover:#3ea9ad;--button_gradient_bottom_color_hover:#3ea9ad;\" target=\"_self\" href=\"\/fr\/commencez\/#roadmap\"><span class=\"fusion-button-text awb-button__text awb-button__text--default\">T\u00c9L\u00c9CHARGER<\/span><\/a><\/div>\n<\/div><\/div><\/div><div style=\"--awb-backgroundcolor:rgba(191,191,191,0.5);\" class=\"fusion-column content-box-column content-box-column-2 col-lg-2 col-md-2 col-sm-2 fusion-content-box-hover \"><div class=\"col content-box-wrapper content-wrapper-background content-wrapper-boxed link-area-link-icon icon-hover-animation-slide\" data-animationOffset=\"top-into-view\"><div class=\"heading heading-with-icon icon-left\"><div style=\"margin-left:-50px;top:-100px;\" aria-hidden=\"true\" class=\"image\"><img decoding=\"async\" src=\"https:\/\/ariannerelocation.com\/wp-content\/uploads\/2017\/06\/icon_guides.png\" width=\"100\" height=\"100\" alt=\"icon_guides\" \/><\/div><h2 class=\"content-box-heading\" style=\"--h2_typography-font-size:18px;line-height:23px;\">GUIDES DE RELOCALISATION EN LIGNE<\/h2><\/div><div class=\"fusion-clearfix\"><\/div><div class=\"content-container\">\n<p>Nos guides complets et faciles \u00e0 utiliser vous aideront \u00e0 vous installer avec succ\u00e8s.<\/p>\n<div class=\"fusion-align-block\"><a class=\"fusion-button button-flat button-medium button-custom fusion-button-default button-3 fusion-button-span-yes fusion-button-default-type\" style=\"--button_accent_color:#ffffff;--button_accent_hover_color:#ffffff;--button_border_hover_color:#ffffff;--button-border-radius-top-left:2px;--button-border-radius-top-right:2px;--button-border-radius-bottom-right:2px;--button-border-radius-bottom-left:2px;--button_gradient_top_color:#47bfc2;--button_gradient_bottom_color:#47bfc2;--button_gradient_top_color_hover:#3ea9ad;--button_gradient_bottom_color_hover:#3ea9ad;\" target=\"_self\" href=\"\/fr\/guides-de-relocalisation-en-ligne\/\"><span class=\"fusion-button-text awb-button__text awb-button__text--default\">EN SAVOIR PLUS<\/span><\/a><\/div>\n<\/div><\/div><\/div><div style=\"--awb-backgroundcolor:rgba(191,191,191,0.5);\" class=\"fusion-column content-box-column content-box-column-3 col-lg-2 col-md-2 col-sm-2 fusion-content-box-hover \"><div class=\"col content-box-wrapper content-wrapper-background content-wrapper-boxed link-area-link-icon icon-hover-animation-slide\" data-animationOffset=\"top-into-view\"><div class=\"heading heading-with-icon icon-left\"><div style=\"margin-left:-50px;top:-100px;\" aria-hidden=\"true\" class=\"image\"><img decoding=\"async\" src=\"https:\/\/ariannerelocation.com\/wp-content\/uploads\/2017\/06\/icon-connect.png\" width=\"100\" height=\"100\" alt=\"icon-connect\" \/><\/div><h2 class=\"content-box-heading\" style=\"--h2_typography-font-size:18px;line-height:23px;\">T\u00c9L\u00c9-CONSEILS<\/h2><\/div><div class=\"fusion-clearfix\"><\/div><div class=\"content-container\">\n<p>B\u00e9n\u00e9ficiez de l\u2019assistance et des conseils personnalis\u00e9s d\u2019une professionnelle experte en relocalisation.<\/p>\n<div class=\"fusion-align-block\"><a class=\"fusion-button button-flat button-medium button-custom fusion-button-default button-4 fusion-button-span-yes fusion-button-default-type\" style=\"--button_accent_color:#ffffff;--button_accent_hover_color:#ffffff;--button_border_hover_color:#ffffff;--button-border-radius-top-left:2px;--button-border-radius-top-right:2px;--button-border-radius-bottom-right:2px;--button-border-radius-bottom-left:2px;--button_gradient_top_color:#47bfc2;--button_gradient_bottom_color:#47bfc2;--button_gradient_top_color_hover:#3ea9ad;--button_gradient_bottom_color_hover:#3ea9ad;\" target=\"_self\" href=\"\/fr\/tele-conseils\/\"><span class=\"fusion-button-text awb-button__text awb-button__text--default\">EN SAVOIR PLUS<\/span><\/a><\/div>\n<\/div><\/div><\/div><div style=\"--awb-backgroundcolor:rgba(191,191,191,0.5);\" class=\"fusion-column content-box-column content-box-column-4 col-lg-2 col-md-2 col-sm-2 fusion-content-box-hover \"><div class=\"col content-box-wrapper content-wrapper-background content-wrapper-boxed link-area-link-icon icon-hover-animation-slide\" data-animationOffset=\"top-into-view\"><div class=\"heading heading-with-icon icon-left\"><div style=\"margin-left:-50px;top:-100px;\" aria-hidden=\"true\" class=\"image\"><img decoding=\"async\" src=\"https:\/\/ariannerelocation.com\/wp-content\/uploads\/2017\/06\/icon_inperson.png\" width=\"100\" height=\"100\" alt=\"icon_inperson\" \/><\/div><h2 class=\"content-box-heading\" style=\"--h2_typography-font-size:18px;line-height:23px;\">SERVICES EN PERSONNE<\/h2><\/div><div class=\"fusion-clearfix\"><\/div><div class=\"content-container\">\n<p>Installez-vous dans votre nouvelle ville canadienne avec un sp\u00e9cialiste en relocalisation \u00e0 vos c\u00f4t\u00e9s.<\/p>\n<div class=\"fusion-align-block\"><a class=\"fusion-button button-flat button-medium button-custom fusion-button-default button-5 fusion-button-span-yes fusion-button-default-type\" style=\"--button_accent_color:#ffffff;--button_accent_hover_color:#ffffff;--button_border_hover_color:#ffffff;--button-border-radius-top-left:2px;--button-border-radius-top-right:2px;--button-border-radius-bottom-right:2px;--button-border-radius-bottom-left:2px;--button_gradient_top_color:#47bfc2;--button_gradient_bottom_color:#47bfc2;--button_gradient_top_color_hover:#3ea9ad;--button_gradient_bottom_color_hover:#3ea9ad;\" target=\"_self\" href=\"\/fr\/services-de-relocalisation-personnalises\/\"><span class=\"fusion-button-text awb-button__text awb-button__text--default\">EN SAVOIR PLUS<\/span><\/a><\/div>\n<\/div><\/div><\/div><div style=\"--awb-backgroundcolor:rgba(191,191,191,0.5);\" class=\"fusion-column content-box-column content-box-column-5 col-lg-2 col-md-2 col-sm-2 fusion-content-box-hover content-box-column-last content-box-column-last-in-row\"><div class=\"col content-box-wrapper content-wrapper-background content-wrapper-boxed link-area-link-icon icon-hover-animation-slide\" data-animationOffset=\"top-into-view\"><div class=\"heading heading-with-icon icon-left\"><div style=\"margin-left:-50px;top:-100px;\" aria-hidden=\"true\" class=\"image\"><img decoding=\"async\" src=\"https:\/\/ariannerelocation.com\/wp-content\/uploads\/2017\/06\/icon_culturaltraining.png\" width=\"100\" height=\"100\" alt=\"icon_culturaltraining\" \/><\/div><h2 class=\"content-box-heading\" style=\"--h2_typography-font-size:18px;line-height:23px;\">FORMATION INTERCULTURELLE<\/h2><\/div><div class=\"fusion-clearfix\"><\/div><div class=\"content-container\">\n<p>Apprenez les us et coutumes locaux afin de pouvoir vous int\u00e9grer plus rapidement et confortablement.<\/p>\n<div class=\"fusion-align-block\"><a class=\"fusion-button button-flat button-medium button-custom fusion-button-default button-6 fusion-button-span-yes fusion-button-default-type\" style=\"--button_accent_color:#ffffff;--button_accent_hover_color:#ffffff;--button_border_hover_color:#ffffff;--button-border-radius-top-left:2px;--button-border-radius-top-right:2px;--button-border-radius-bottom-right:2px;--button-border-radius-bottom-left:2px;--button_gradient_top_color:#47bfc2;--button_gradient_bottom_color:#47bfc2;--button_gradient_top_color_hover:#3ea9ad;--button_gradient_bottom_color_hover:#3ea9ad;\" target=\"_self\" href=\"\/fr\/formation-communication-interculturelle\/\"><span class=\"fusion-button-text awb-button__text awb-button__text--default\">EN SAVOIR PLUS<\/span><\/a><\/div>\n<\/div><\/div><\/div><div class=\"fusion-clearfix\"><\/div><\/div><div class=\"fusion-clearfix\"><\/div><\/div><\/div>\n<\/div><\/div><\/p>\n","protected":false},"excerpt":{"rendered":"","protected":false},"author":17,"featured_media":0,"parent":0,"menu_order":0,"comment_status":"closed","ping_status":"closed","template":"","meta":{"_acf_changed":false,"pmpro_default_level":"","footnotes":""},"class_list":["post-17444","page","type-page","status-publish","hentry","pmpro-has-access"],"acf":[],"yoast_head":"<!-- This site is optimized with the Yoast SEO plugin v27.6 - https:\/\/yoast.com\/product\/yoast-seo-wordpress\/ -->\n<title>\u00c9tudiants - ARIANNE Relocalisation<\/title>\n<meta name=\"description\" content=\"Les \u00e9tudiants se relocalisent au Canada pour obtenir une \u00e9ducation de haute qualit\u00e9. Nous les aidons \u00e0 trouver un logement, \u00e0 obtenir des soins de sant\u00e9 et \u00e0 comprendre la soci\u00e9t\u00e9 canadienne.\" \/>\n<meta name=\"robots\" content=\"index, follow, max-snippet:-1, max-image-preview:large, max-video-preview:-1\" \/>\n<link rel=\"canonical\" href=\"https:\/\/www.ariannerelocation.com\/fr\/etudiants\/\" \/>\n<meta property=\"og:locale\" content=\"fr_FR\" \/>\n<meta property=\"og:type\" content=\"article\" \/>\n<meta property=\"og:title\" content=\"\u00c9tudiants - ARIANNE Relocalisation\" \/>\n<meta property=\"og:description\" content=\"Les \u00e9tudiants se relocalisent au Canada pour obtenir une \u00e9ducation de haute qualit\u00e9. Nous les aidons \u00e0 trouver un logement, \u00e0 obtenir des soins de sant\u00e9 et \u00e0 comprendre la soci\u00e9t\u00e9 canadienne.\" \/>\n<meta property=\"og:url\" content=\"https:\/\/www.ariannerelocation.com\/fr\/etudiants\/\" \/>\n<meta property=\"og:site_name\" content=\"ARIANNE Relocalisation\" \/>\n<meta property=\"article:publisher\" content=\"https:\/\/www.facebook.com\/ariannerelocation\/\" \/>\n<meta property=\"article:modified_time\" content=\"2023-11-09T22:38:37+00:00\" \/>\n<meta property=\"og:image\" content=\"https:\/\/ariannerelocation.com\/wp-content\/uploads\/2018\/06\/arianne_pin_logo.jpg\" \/>\n<meta name=\"twitter:card\" content=\"summary_large_image\" \/>\n<meta name=\"twitter:label1\" content=\"Dur\u00e9e de lecture estim\u00e9e\" \/>\n\t<meta name=\"twitter:data1\" content=\"6 minutes\" \/>\n<script type=\"application\/ld+json\" class=\"yoast-schema-graph\">{\"@context\":\"https:\\\/\\\/schema.org\",\"@graph\":[{\"@type\":\"WebPage\",\"@id\":\"https:\\\/\\\/www.ariannerelocation.com\\\/fr\\\/etudiants\\\/\",\"url\":\"https:\\\/\\\/www.ariannerelocation.com\\\/fr\\\/etudiants\\\/\",\"name\":\"\u00c9tudiants - ARIANNE Relocalisation\",\"isPartOf\":{\"@id\":\"https:\\\/\\\/www.ariannerelocation.com\\\/fr\\\/#website\"},\"datePublished\":\"2022-02-24T01:14:45+00:00\",\"dateModified\":\"2023-11-09T22:38:37+00:00\",\"description\":\"Les \u00e9tudiants se relocalisent au Canada pour obtenir une \u00e9ducation de haute qualit\u00e9. Nous les aidons \u00e0 trouver un logement, \u00e0 obtenir des soins de sant\u00e9 et \u00e0 comprendre la soci\u00e9t\u00e9 canadienne.\",\"breadcrumb\":{\"@id\":\"https:\\\/\\\/www.ariannerelocation.com\\\/fr\\\/etudiants\\\/#breadcrumb\"},\"inLanguage\":\"fr-FR\",\"potentialAction\":[{\"@type\":\"ReadAction\",\"target\":[\"https:\\\/\\\/www.ariannerelocation.com\\\/fr\\\/etudiants\\\/\"]}]},{\"@type\":\"BreadcrumbList\",\"@id\":\"https:\\\/\\\/www.ariannerelocation.com\\\/fr\\\/etudiants\\\/#breadcrumb\",\"itemListElement\":[{\"@type\":\"ListItem\",\"position\":1,\"name\":\"Home\",\"item\":\"https:\\\/\\\/www.ariannerelocation.com\\\/fr\\\/\"},{\"@type\":\"ListItem\",\"position\":2,\"name\":\"\u00c9tudiants\"}]},{\"@type\":\"WebSite\",\"@id\":\"https:\\\/\\\/www.ariannerelocation.com\\\/fr\\\/#website\",\"url\":\"https:\\\/\\\/www.ariannerelocation.com\\\/fr\\\/\",\"name\":\"ARIANNE Relocalisation\",\"description\":\"Relocation guides and services for people moving to Canada\",\"potentialAction\":[{\"@type\":\"SearchAction\",\"target\":{\"@type\":\"EntryPoint\",\"urlTemplate\":\"https:\\\/\\\/www.ariannerelocation.com\\\/fr\\\/?s={search_term_string}\"},\"query-input\":{\"@type\":\"PropertyValueSpecification\",\"valueRequired\":true,\"valueName\":\"search_term_string\"}}],\"inLanguage\":\"fr-FR\"}]}<\/script>\n<!-- \/ Yoast SEO plugin. -->","yoast_head_json":{"title":"\u00c9tudiants - ARIANNE Relocalisation","description":"Les \u00e9tudiants se relocalisent au Canada pour obtenir une \u00e9ducation de haute qualit\u00e9. Nous les aidons \u00e0 trouver un logement, \u00e0 obtenir des soins de sant\u00e9 et \u00e0 comprendre la soci\u00e9t\u00e9 canadienne.","robots":{"index":"index","follow":"follow","max-snippet":"max-snippet:-1","max-image-preview":"max-image-preview:large","max-video-preview":"max-video-preview:-1"},"canonical":"https:\/\/www.ariannerelocation.com\/fr\/etudiants\/","og_locale":"fr_FR","og_type":"article","og_title":"\u00c9tudiants - ARIANNE Relocalisation","og_description":"Les \u00e9tudiants se relocalisent au Canada pour obtenir une \u00e9ducation de haute qualit\u00e9. Nous les aidons \u00e0 trouver un logement, \u00e0 obtenir des soins de sant\u00e9 et \u00e0 comprendre la soci\u00e9t\u00e9 canadienne.","og_url":"https:\/\/www.ariannerelocation.com\/fr\/etudiants\/","og_site_name":"ARIANNE Relocalisation","article_publisher":"https:\/\/www.facebook.com\/ariannerelocation\/","article_modified_time":"2023-11-09T22:38:37+00:00","og_image":[{"url":"https:\/\/ariannerelocation.com\/wp-content\/uploads\/2018\/06\/arianne_pin_logo.jpg","type":"","width":"","height":""}],"twitter_card":"summary_large_image","twitter_misc":{"Dur\u00e9e de lecture estim\u00e9e":"6 minutes"},"schema":{"@context":"https:\/\/schema.org","@graph":[{"@type":"WebPage","@id":"https:\/\/www.ariannerelocation.com\/fr\/etudiants\/","url":"https:\/\/www.ariannerelocation.com\/fr\/etudiants\/","name":"\u00c9tudiants - ARIANNE Relocalisation","isPartOf":{"@id":"https:\/\/www.ariannerelocation.com\/fr\/#website"},"datePublished":"2022-02-24T01:14:45+00:00","dateModified":"2023-11-09T22:38:37+00:00","description":"Les \u00e9tudiants se relocalisent au Canada pour obtenir une \u00e9ducation de haute qualit\u00e9. Nous les aidons \u00e0 trouver un logement, \u00e0 obtenir des soins de sant\u00e9 et \u00e0 comprendre la soci\u00e9t\u00e9 canadienne.","breadcrumb":{"@id":"https:\/\/www.ariannerelocation.com\/fr\/etudiants\/#breadcrumb"},"inLanguage":"fr-FR","potentialAction":[{"@type":"ReadAction","target":["https:\/\/www.ariannerelocation.com\/fr\/etudiants\/"]}]},{"@type":"BreadcrumbList","@id":"https:\/\/www.ariannerelocation.com\/fr\/etudiants\/#breadcrumb","itemListElement":[{"@type":"ListItem","position":1,"name":"Home","item":"https:\/\/www.ariannerelocation.com\/fr\/"},{"@type":"ListItem","position":2,"name":"\u00c9tudiants"}]},{"@type":"WebSite","@id":"https:\/\/www.ariannerelocation.com\/fr\/#website","url":"https:\/\/www.ariannerelocation.com\/fr\/","name":"ARIANNE Relocalisation","description":"Relocation guides and services for people moving to Canada","potentialAction":[{"@type":"SearchAction","target":{"@type":"EntryPoint","urlTemplate":"https:\/\/www.ariannerelocation.com\/fr\/?s={search_term_string}"},"query-input":{"@type":"PropertyValueSpecification","valueRequired":true,"valueName":"search_term_string"}}],"inLanguage":"fr-FR"}]}},"_links":{"self":[{"href":"https:\/\/www.ariannerelocation.com\/fr\/wp-json\/wp\/v2\/pages\/17444","targetHints":{"allow":["GET"]}}],"collection":[{"href":"https:\/\/www.ariannerelocation.com\/fr\/wp-json\/wp\/v2\/pages"}],"about":[{"href":"https:\/\/www.ariannerelocation.com\/fr\/wp-json\/wp\/v2\/types\/page"}],"author":[{"embeddable":true,"href":"https:\/\/www.ariannerelocation.com\/fr\/wp-json\/wp\/v2\/users\/17"}],"replies":[{"embeddable":true,"href":"https:\/\/www.ariannerelocation.com\/fr\/wp-json\/wp\/v2\/comments?post=17444"}],"version-history":[{"count":6,"href":"https:\/\/www.ariannerelocation.com\/fr\/wp-json\/wp\/v2\/pages\/17444\/revisions"}],"predecessor-version":[{"id":20732,"href":"https:\/\/www.ariannerelocation.com\/fr\/wp-json\/wp\/v2\/pages\/17444\/revisions\/20732"}],"wp:attachment":[{"href":"https:\/\/www.ariannerelocation.com\/fr\/wp-json\/wp\/v2\/media?parent=17444"}],"curies":[{"name":"wp","href":"https:\/\/api.w.org\/{rel}","templated":true}]}}