{"id":17014,"date":"2017-07-22T12:48:05","date_gmt":"2017-07-22T12:48:05","guid":{"rendered":"https:\/\/ariannerelocation.com\/qui-sommes-nous\/"},"modified":"2025-01-23T18:25:16","modified_gmt":"2025-01-23T18:25:16","slug":"who-we-are","status":"publish","type":"page","link":"https:\/\/www.ariannerelocation.com\/fr\/who-we-are\/","title":{"rendered":"\u00c0 Propos"},"content":{"rendered":"<p><div class=\"fusion-fullwidth fullwidth-box fusion-builder-row-1 nonhundred-percent-fullwidth non-hundred-percent-height-scrolling\" style=\"--awb-border-radius-top-left:0px;--awb-border-radius-top-right:0px;--awb-border-radius-bottom-right:0px;--awb-border-radius-bottom-left:0px;--awb-flex-wrap:wrap;\" ><div class=\"fusion-builder-row fusion-row\"><div class=\"fusion-layout-column fusion_builder_column fusion-builder-column-0 fusion_builder_column_1_1 1_1 fusion-one-full fusion-column-first fusion-column-last\" style=\"--awb-bg-size:cover;\"><div class=\"fusion-column-wrapper fusion-flex-column-wrapper-legacy\"><div class=\"fusion-title title fusion-title-1 sep-underline sep-solid fusion-title-text fusion-title-size-one\" style=\"--awb-sep-color:#be1e2d;\"><h1 class=\"fusion-title-heading title-heading-left\" style=\"margin:0;\">L&rsquo;\u00e9quipe d&rsquo;ARIANNE<\/h1><\/div><div class=\"fusion-text fusion-text-1\"><div class=\"fusion-text\">\n<p class=\"p1\">Personne ne comprend la relocalisation comme nous. L&rsquo;\u00e9quipe d&rsquo;ARIANNE allie une attention et un service personnalis\u00e9s \u00e0 un ensemble dynamique de comp\u00e9tences et d&rsquo;exp\u00e9rience internationale. Nous comprenons la relocalisation parce que chacune d&rsquo;entre nous a v\u00e9cu l&rsquo;aventure de se d\u00e9placer d&rsquo;un continent \u00e0 un autre, en faisant le grand saut avec sa propre famille et ses enfants. Fond\u00e9e en 1997, ARIANNE est bas\u00e9e \u00e0 Montr\u00e9al, Qu\u00e9bec, mais a \u00e9galement des liens en France, en Allemagne, en Espagne et en Californie.<\/p>\n<\/div>\n<\/div><div class=\"fusion-clearfix\"><\/div><\/div><\/div><div class=\"fusion-layout-column fusion_builder_column fusion-builder-column-1 fusion_builder_column_1_2 1_2 fusion-one-half fusion-column-first\" style=\"--awb-padding-bottom:10px;--awb-bg-size:cover;width:50%;width:calc(50% - ( ( 4% ) * 0.5 ) );margin-right: 4%;\" data-scroll-devices=\"small-visibility,medium-visibility,large-visibility\"><div class=\"fusion-column-wrapper fusion-column-has-shadow fusion-flex-column-wrapper-legacy\"><div class=\"fusion-image-element in-legacy-container\" style=\"--awb-caption-title-font-family:var(--h2_typography-font-family);--awb-caption-title-font-weight:var(--h2_typography-font-weight);--awb-caption-title-font-style:var(--h2_typography-font-style);--awb-caption-title-size:var(--h2_typography-font-size);--awb-caption-title-transform:var(--h2_typography-text-transform);--awb-caption-title-line-height:var(--h2_typography-line-height);--awb-caption-title-letter-spacing:var(--h2_typography-letter-spacing);\"><span class=\" fusion-imageframe imageframe-none imageframe-1 hover-type-none\"><img decoding=\"async\" width=\"2262\" height=\"2262\" alt=\"Manon Dumas\" title=\"Manon Dumas\" src=\"https:\/\/ariannerelocation.com\/wp-content\/uploads\/2024\/10\/Manon-Dumas.png\" class=\"img-responsive wp-image-21673\" srcset=\"https:\/\/ariannerelocation.com\/wp-content\/uploads\/2024\/10\/Manon-Dumas-200x200.png 200w, https:\/\/ariannerelocation.com\/wp-content\/uploads\/2024\/10\/Manon-Dumas-400x400.png 400w, https:\/\/ariannerelocation.com\/wp-content\/uploads\/2024\/10\/Manon-Dumas-600x600.png 600w, https:\/\/ariannerelocation.com\/wp-content\/uploads\/2024\/10\/Manon-Dumas-800x800.png 800w, https:\/\/ariannerelocation.com\/wp-content\/uploads\/2024\/10\/Manon-Dumas-1200x1200.png 1200w, https:\/\/ariannerelocation.com\/wp-content\/uploads\/2024\/10\/Manon-Dumas.png 2262w\" sizes=\"(max-width: 800px) 100vw, 600px\" \/><\/span><\/div><div class=\"fusion-text fusion-text-2\"><h2><\/h2>\n<h2>Manon Dumas<\/h2>\n<p><strong>Fondatrice &#8211; Pr\u00e9sidente<\/strong><\/p>\n<\/div><div class=\"fusion-text fusion-text-3 fusion-text-no-margin\" style=\"--awb-margin-bottom:10px;\"><p>N\u00e9e et \u00e9lev\u00e9e au Canada, j&rsquo;ai lanc\u00e9 ARIANNE il y a vingt-huit ans, me consacrant \u00e0 aider les familles \u00e0 s&rsquo;\u00e9tablir au Canada et \u00e0 permettre aux organisations d&rsquo;exploiter les talents mondiaux. Mon travail, profond\u00e9ment enracin\u00e9 dans une fascination pour la diversit\u00e9 culturelle, a \u00e9t\u00e9 enrichi par les voyages avec ma famille. Au cours de mes ann\u00e9es d&rsquo;or, j&rsquo;ai l&rsquo;intention de cr\u00e9er des courts m\u00e9trages qui pr\u00e9senteront la myriade de belles histoires culturelles que j&rsquo;ai rencontr\u00e9es. Embarquons ensemble pour ce nouveau voyage !<\/p>\n<\/div><div class=\"fusion-clearfix\"><\/div><\/div><\/div><div class=\"fusion-layout-column fusion_builder_column fusion-builder-column-2 fusion_builder_column_1_2 1_2 fusion-one-half fusion-column-last\" style=\"--awb-bg-size:cover;width:50%;width:calc(50% - ( ( 4% ) * 0.5 ) );\"><div class=\"fusion-column-wrapper fusion-column-has-shadow fusion-flex-column-wrapper-legacy\"><div class=\"fusion-image-element in-legacy-container\" style=\"--awb-caption-title-font-family:var(--h2_typography-font-family);--awb-caption-title-font-weight:var(--h2_typography-font-weight);--awb-caption-title-font-style:var(--h2_typography-font-style);--awb-caption-title-size:var(--h2_typography-font-size);--awb-caption-title-transform:var(--h2_typography-text-transform);--awb-caption-title-line-height:var(--h2_typography-line-height);--awb-caption-title-letter-spacing:var(--h2_typography-letter-spacing);\"><span class=\" fusion-imageframe imageframe-none imageframe-2 hover-type-none\"><img decoding=\"async\" width=\"1024\" height=\"683\" title=\"Globe in hand with the Canada flag\" src=\"https:\/\/ariannerelocation.com\/wp-content\/uploads\/2017\/06\/Globe-in-hand-with-the-Canada-flag-483628610_6000x4000.jpeg\" alt class=\"img-responsive wp-image-16592\" srcset=\"https:\/\/ariannerelocation.com\/wp-content\/uploads\/2017\/06\/Globe-in-hand-with-the-Canada-flag-483628610_6000x4000-200x133.jpeg 200w, https:\/\/ariannerelocation.com\/wp-content\/uploads\/2017\/06\/Globe-in-hand-with-the-Canada-flag-483628610_6000x4000-400x267.jpeg 400w, https:\/\/ariannerelocation.com\/wp-content\/uploads\/2017\/06\/Globe-in-hand-with-the-Canada-flag-483628610_6000x4000-600x400.jpeg 600w, https:\/\/ariannerelocation.com\/wp-content\/uploads\/2017\/06\/Globe-in-hand-with-the-Canada-flag-483628610_6000x4000-800x534.jpeg 800w, https:\/\/ariannerelocation.com\/wp-content\/uploads\/2017\/06\/Globe-in-hand-with-the-Canada-flag-483628610_6000x4000.jpeg 1024w\" sizes=\"(max-width: 800px) 100vw, 600px\" \/><\/span><\/div><div class=\"fusion-clearfix\"><\/div><\/div><\/div><div class=\"fusion-layout-column fusion_builder_column fusion-builder-column-3 fusion_builder_column_1_2 1_2 fusion-one-half fusion-column-first\" style=\"--awb-bg-size:cover;width:50%;width:calc(50% - ( ( 4% ) * 0.5 ) );margin-right: 4%;\"><div class=\"fusion-column-wrapper fusion-column-has-shadow fusion-flex-column-wrapper-legacy\"><div class=\"fusion-clearfix\"><\/div><\/div><\/div><\/div><\/div><div class=\"fusion-fullwidth fullwidth-box fusion-builder-row-2 has-pattern-background has-mask-background al_whoweare_story hundred-percent-fullwidth non-hundred-percent-height-scrolling fusion-equal-height-columns\" style=\"--awb-border-sizes-top:0px;--awb-border-sizes-bottom:0px;--awb-border-sizes-left:0px;--awb-border-sizes-right:0px;--awb-border-color:#be1e2d;--awb-border-radius-top-left:0px;--awb-border-radius-top-right:0px;--awb-border-radius-bottom-right:0px;--awb-border-radius-bottom-left:0px;--awb-padding-top:0px;--awb-padding-right:0px;--awb-padding-bottom:0px;--awb-padding-left:0px;--awb-margin-top:0px;--awb-margin-bottom:0px;--awb-background-color:#fbf6e4;--awb-flex-wrap:wrap;\" id=\"arianne\" ><div class=\"fusion-builder-row fusion-row\"><div class=\"fusion-layout-column fusion_builder_column fusion-builder-column-4 fusion_builder_column_1_2 1_2 fusion-one-half fusion-column-first\" style=\"--awb-padding-left:50px;--awb-bg-size:cover;width:50%;width:calc(50% - ( ( 4% ) * 0.5 ) );margin-right: 4%;\"><div class=\"fusion-column-wrapper fusion-flex-column-wrapper-legacy\"><div class=\"fusion-column-content-centered\"><div class=\"fusion-column-content\"><div class=\"fusion-title title fusion-title-2 sep-underline sep-solid fusion-title-text fusion-title-size-one\" style=\"--awb-sep-color:#be1e2d;\"><h1 class=\"fusion-title-heading title-heading-left\" style=\"margin:0;\">L&rsquo;histoire d&rsquo;ARIANNE (<em>Ariadne et Th\u00e9s\u00e9e<\/em>)<\/h1><\/div><div class=\"fusion-text fusion-text-4\"><div id=\"comp-irmlkz75\" class=\"txtNew\" data-reactid=\".0.$SITE_ROOT.$desktop_siteRoot.$PAGES_CONTAINER.1.1.$SITE_PAGES.$ybjb1_DESKTOP.1.$comp-irmlkz6b.0.$comp-irmlkz75\">\n<div class=\"\"><\/div>\n<p class=\"p1\"><span class=\"s1\">ARIANNE prend son nom <a target=\"_blank\" href=\"https:\/\/ariannerelocation.com\/topic\/relocation\/the-story-who-is-arianne\/\">du mythe grec<\/a> d&rsquo;<em>Ariadne et Th\u00e9s\u00e9<\/em>e. Dans cette l\u00e9gende intemporelle, Th\u00e9s\u00e9e tue le redoutable Minotaure et Ariane le fait sortir du labyrinthe avec son fil d&rsquo;or. Le r\u00f4le h\u00e9ro\u00efque d\u2019Ariane dans le sauvetage de Th\u00e9s\u00e9e ressemble beaucoup \u00e0 ce que nous faisons chez ARIANNE, guidant nos clients hors du labyrinthe afin qu\u2019ils puissent vivre heureux pour toujours.<\/span><\/p>\n<p class=\"p1\"><span class=\"s1\">Le voyage du h\u00e9ros commence dans une vague d\u2019excitation et d\u2019enthousiasme. Mais m\u00eame les guerriers les plus courageux rencontreront des obstacles et se d\u00e9courageront. C\u2019est l\u00e0 que nous intervenons, pour vous donner un coup de main et vous offrir un peu de sagesse, vous aidant \u00e0 surmonter les d\u00e9fis, \u00e0 \u00e9viter les maux de t\u00eate, \u00e0 capturer le tr\u00e9sor et \u00e0 arriver en toute s\u00e9curit\u00e9 dans votre nouveau pays.<\/span><\/p>\n<\/div>\n<\/div><\/div><\/div><div class=\"fusion-clearfix\"><\/div><\/div><\/div><div class=\"fusion-layout-column fusion_builder_column fusion-builder-column-5 fusion_builder_column_1_2 1_2 fusion-one-half fusion-column-last\" style=\"--awb-bg-size:cover;--awb-border-color:#be1e2d;--awb-border-top:0;--awb-border-right:0;--awb-border-bottom:0;--awb-border-left:0;--awb-border-style:solid;width:50%;width:calc(50% - ( ( 4% ) * 0.5 ) );\"><div class=\"fusion-column-wrapper fusion-flex-column-wrapper-legacy\"><div class=\"fusion-column-content-centered\"><div class=\"fusion-column-content\"><div class=\"fusion-image-element in-legacy-container\" style=\"--awb-caption-title-font-family:var(--h2_typography-font-family);--awb-caption-title-font-weight:var(--h2_typography-font-weight);--awb-caption-title-font-style:var(--h2_typography-font-style);--awb-caption-title-size:var(--h2_typography-font-size);--awb-caption-title-transform:var(--h2_typography-text-transform);--awb-caption-title-line-height:var(--h2_typography-line-height);--awb-caption-title-letter-spacing:var(--h2_typography-letter-spacing);\"><span class=\" fusion-imageframe imageframe-none imageframe-3 hover-type-none\"><img decoding=\"async\" width=\"1000\" height=\"750\" alt=\"Histoire de la peinture d\u2019Arianne\" title=\"Histoire de la peinture d\u2019Arianne\" src=\"https:\/\/ariannerelocation.com\/wp-content\/uploads\/2017\/06\/ARIANNE-Painting.jpg\" class=\"img-responsive wp-image-13880\" srcset=\"https:\/\/ariannerelocation.com\/wp-content\/uploads\/2017\/06\/ARIANNE-Painting-200x150.jpg 200w, https:\/\/ariannerelocation.com\/wp-content\/uploads\/2017\/06\/ARIANNE-Painting-400x300.jpg 400w, https:\/\/ariannerelocation.com\/wp-content\/uploads\/2017\/06\/ARIANNE-Painting-600x450.jpg 600w, https:\/\/ariannerelocation.com\/wp-content\/uploads\/2017\/06\/ARIANNE-Painting-800x600.jpg 800w, https:\/\/ariannerelocation.com\/wp-content\/uploads\/2017\/06\/ARIANNE-Painting.jpg 1000w\" sizes=\"(max-width: 800px) 100vw, 600px\" \/><\/span><\/div><\/div><\/div><div class=\"fusion-clearfix\"><\/div><\/div><\/div><\/div><\/div><\/p>\n","protected":false},"excerpt":{"rendered":"","protected":false},"author":17,"featured_media":0,"parent":0,"menu_order":0,"comment_status":"closed","ping_status":"closed","template":"100-width.php","meta":{"_acf_changed":false,"pmpro_default_level":"","footnotes":""},"class_list":["post-17014","page","type-page","status-publish","hentry","pmpro-has-access"],"acf":[],"yoast_head":"<!-- This site is optimized with the Yoast SEO plugin v27.6 - https:\/\/yoast.com\/product\/yoast-seo-wordpress\/ -->\n<title>\u00c0 Propos - ARIANNE Relocalisation<\/title>\n<meta name=\"description\" content=\"ARIANNE takes its name from the Greek myth of Ariadne. In this timeless legend, Theseus slays the Minotaur, and Ariadne leads him out of the labyrinth.\" \/>\n<meta name=\"robots\" content=\"index, follow, max-snippet:-1, max-image-preview:large, max-video-preview:-1\" \/>\n<link rel=\"canonical\" href=\"https:\/\/www.ariannerelocation.com\/fr\/who-we-are\/\" \/>\n<meta property=\"og:locale\" content=\"fr_FR\" \/>\n<meta property=\"og:type\" content=\"article\" \/>\n<meta property=\"og:title\" content=\"\u00c0 Propos - ARIANNE Relocalisation\" \/>\n<meta property=\"og:description\" content=\"ARIANNE takes its name from the Greek myth of Ariadne. In this timeless legend, Theseus slays the Minotaur, and Ariadne leads him out of the labyrinth.\" \/>\n<meta property=\"og:url\" content=\"https:\/\/www.ariannerelocation.com\/fr\/who-we-are\/\" \/>\n<meta property=\"og:site_name\" content=\"ARIANNE Relocalisation\" \/>\n<meta property=\"article:publisher\" content=\"https:\/\/www.facebook.com\/ariannerelocation\/\" \/>\n<meta property=\"article:modified_time\" content=\"2025-01-23T18:25:16+00:00\" \/>\n<meta property=\"og:image\" content=\"https:\/\/ariannerelocation.com\/wp-content\/uploads\/2017\/12\/Immigration-to-Canada.jpg\" \/>\n<meta name=\"twitter:card\" content=\"summary_large_image\" \/>\n<meta name=\"twitter:label1\" content=\"Dur\u00e9e de lecture estim\u00e9e\" \/>\n\t<meta name=\"twitter:data1\" content=\"2 minutes\" \/>\n<script type=\"application\/ld+json\" class=\"yoast-schema-graph\">{\"@context\":\"https:\\\/\\\/schema.org\",\"@graph\":[{\"@type\":\"WebPage\",\"@id\":\"https:\\\/\\\/www.ariannerelocation.com\\\/fr\\\/who-we-are\\\/\",\"url\":\"https:\\\/\\\/www.ariannerelocation.com\\\/fr\\\/who-we-are\\\/\",\"name\":\"\u00c0 Propos - ARIANNE Relocalisation\",\"isPartOf\":{\"@id\":\"https:\\\/\\\/www.ariannerelocation.com\\\/fr\\\/#website\"},\"datePublished\":\"2017-07-22T12:48:05+00:00\",\"dateModified\":\"2025-01-23T18:25:16+00:00\",\"description\":\"ARIANNE takes its name from the Greek myth of Ariadne. In this timeless legend, Theseus slays the Minotaur, and Ariadne leads him out of the labyrinth.\",\"breadcrumb\":{\"@id\":\"https:\\\/\\\/www.ariannerelocation.com\\\/fr\\\/who-we-are\\\/#breadcrumb\"},\"inLanguage\":\"fr-FR\",\"potentialAction\":[{\"@type\":\"ReadAction\",\"target\":[\"https:\\\/\\\/www.ariannerelocation.com\\\/fr\\\/who-we-are\\\/\"]}]},{\"@type\":\"BreadcrumbList\",\"@id\":\"https:\\\/\\\/www.ariannerelocation.com\\\/fr\\\/who-we-are\\\/#breadcrumb\",\"itemListElement\":[{\"@type\":\"ListItem\",\"position\":1,\"name\":\"Home\",\"item\":\"https:\\\/\\\/www.ariannerelocation.com\\\/fr\\\/\"},{\"@type\":\"ListItem\",\"position\":2,\"name\":\"\u00c0 Propos\"}]},{\"@type\":\"WebSite\",\"@id\":\"https:\\\/\\\/www.ariannerelocation.com\\\/fr\\\/#website\",\"url\":\"https:\\\/\\\/www.ariannerelocation.com\\\/fr\\\/\",\"name\":\"ARIANNE Relocalisation\",\"description\":\"Relocation guides and services for people moving to Canada\",\"potentialAction\":[{\"@type\":\"SearchAction\",\"target\":{\"@type\":\"EntryPoint\",\"urlTemplate\":\"https:\\\/\\\/www.ariannerelocation.com\\\/fr\\\/?s={search_term_string}\"},\"query-input\":{\"@type\":\"PropertyValueSpecification\",\"valueRequired\":true,\"valueName\":\"search_term_string\"}}],\"inLanguage\":\"fr-FR\"}]}<\/script>\n<!-- \/ Yoast SEO plugin. -->","yoast_head_json":{"title":"\u00c0 Propos - ARIANNE Relocalisation","description":"ARIANNE takes its name from the Greek myth of Ariadne. In this timeless legend, Theseus slays the Minotaur, and Ariadne leads him out of the labyrinth.","robots":{"index":"index","follow":"follow","max-snippet":"max-snippet:-1","max-image-preview":"max-image-preview:large","max-video-preview":"max-video-preview:-1"},"canonical":"https:\/\/www.ariannerelocation.com\/fr\/who-we-are\/","og_locale":"fr_FR","og_type":"article","og_title":"\u00c0 Propos - ARIANNE Relocalisation","og_description":"ARIANNE takes its name from the Greek myth of Ariadne. In this timeless legend, Theseus slays the Minotaur, and Ariadne leads him out of the labyrinth.","og_url":"https:\/\/www.ariannerelocation.com\/fr\/who-we-are\/","og_site_name":"ARIANNE Relocalisation","article_publisher":"https:\/\/www.facebook.com\/ariannerelocation\/","article_modified_time":"2025-01-23T18:25:16+00:00","og_image":[{"url":"https:\/\/ariannerelocation.com\/wp-content\/uploads\/2017\/12\/Immigration-to-Canada.jpg","type":"","width":"","height":""}],"twitter_card":"summary_large_image","twitter_misc":{"Dur\u00e9e de lecture estim\u00e9e":"2 minutes"},"schema":{"@context":"https:\/\/schema.org","@graph":[{"@type":"WebPage","@id":"https:\/\/www.ariannerelocation.com\/fr\/who-we-are\/","url":"https:\/\/www.ariannerelocation.com\/fr\/who-we-are\/","name":"\u00c0 Propos - ARIANNE Relocalisation","isPartOf":{"@id":"https:\/\/www.ariannerelocation.com\/fr\/#website"},"datePublished":"2017-07-22T12:48:05+00:00","dateModified":"2025-01-23T18:25:16+00:00","description":"ARIANNE takes its name from the Greek myth of Ariadne. In this timeless legend, Theseus slays the Minotaur, and Ariadne leads him out of the labyrinth.","breadcrumb":{"@id":"https:\/\/www.ariannerelocation.com\/fr\/who-we-are\/#breadcrumb"},"inLanguage":"fr-FR","potentialAction":[{"@type":"ReadAction","target":["https:\/\/www.ariannerelocation.com\/fr\/who-we-are\/"]}]},{"@type":"BreadcrumbList","@id":"https:\/\/www.ariannerelocation.com\/fr\/who-we-are\/#breadcrumb","itemListElement":[{"@type":"ListItem","position":1,"name":"Home","item":"https:\/\/www.ariannerelocation.com\/fr\/"},{"@type":"ListItem","position":2,"name":"\u00c0 Propos"}]},{"@type":"WebSite","@id":"https:\/\/www.ariannerelocation.com\/fr\/#website","url":"https:\/\/www.ariannerelocation.com\/fr\/","name":"ARIANNE Relocalisation","description":"Relocation guides and services for people moving to Canada","potentialAction":[{"@type":"SearchAction","target":{"@type":"EntryPoint","urlTemplate":"https:\/\/www.ariannerelocation.com\/fr\/?s={search_term_string}"},"query-input":{"@type":"PropertyValueSpecification","valueRequired":true,"valueName":"search_term_string"}}],"inLanguage":"fr-FR"}]}},"_links":{"self":[{"href":"https:\/\/www.ariannerelocation.com\/fr\/wp-json\/wp\/v2\/pages\/17014","targetHints":{"allow":["GET"]}}],"collection":[{"href":"https:\/\/www.ariannerelocation.com\/fr\/wp-json\/wp\/v2\/pages"}],"about":[{"href":"https:\/\/www.ariannerelocation.com\/fr\/wp-json\/wp\/v2\/types\/page"}],"author":[{"embeddable":true,"href":"https:\/\/www.ariannerelocation.com\/fr\/wp-json\/wp\/v2\/users\/17"}],"replies":[{"embeddable":true,"href":"https:\/\/www.ariannerelocation.com\/fr\/wp-json\/wp\/v2\/comments?post=17014"}],"version-history":[{"count":53,"href":"https:\/\/www.ariannerelocation.com\/fr\/wp-json\/wp\/v2\/pages\/17014\/revisions"}],"predecessor-version":[{"id":21712,"href":"https:\/\/www.ariannerelocation.com\/fr\/wp-json\/wp\/v2\/pages\/17014\/revisions\/21712"}],"wp:attachment":[{"href":"https:\/\/www.ariannerelocation.com\/fr\/wp-json\/wp\/v2\/media?parent=17014"}],"curies":[{"name":"wp","href":"https:\/\/api.w.org\/{rel}","templated":true}]}}